{"id":100,"date":"2025-11-20T18:47:01","date_gmt":"2025-11-20T18:47:01","guid":{"rendered":"https:\/\/escuelaformadoradebaristas.com\/?page_id=100"},"modified":"2026-02-05T16:29:07","modified_gmt":"2026-02-05T16:29:07","slug":"contacto","status":"publish","type":"page","link":"https:\/\/escuelaformadoradebaristas.com\/en\/contacto\/","title":{"rendered":"Contacto"},"content":{"rendered":"<div data-elementor-type=\"wp-page\" data-elementor-id=\"100\" class=\"elementor elementor-100\" data-elementor-post-type=\"page\">\n\t\t\t\t\t\t<section class=\"elementor-section elementor-top-section elementor-element elementor-element-3f81ec2f elementor-section-boxed elementor-section-height-default elementor-section-height-default\" data-id=\"3f81ec2f\" data-element_type=\"section\" data-e-type=\"section\" data-settings=\"{&quot;background_background&quot;:&quot;classic&quot;,&quot;ekit_has_onepagescroll_dot&quot;:&quot;yes&quot;}\">\n\t\t\t\t\t\t\t<div class=\"elementor-background-overlay\"><\/div>\n\t\t\t\t\t\t\t<div class=\"elementor-container elementor-column-gap-default\">\n\t\t\t\t\t<div class=\"elementor-column elementor-col-100 elementor-top-column elementor-element elementor-element-4fb59de4\" data-id=\"4fb59de4\" data-element_type=\"column\" data-e-type=\"column\">\n\t\t\t<div class=\"elementor-widget-wrap elementor-element-populated\">\n\t\t\t\t\t\t<div class=\"elementor-element elementor-element-756a5fa9 elementor-widget elementor-widget-heading\" data-id=\"756a5fa9\" data-element_type=\"widget\" data-e-type=\"widget\" data-settings=\"{&quot;ekit_we_effect_on&quot;:&quot;none&quot;}\" data-widget_type=\"heading.default\">\n\t\t\t\t\t<h2 class=\"elementor-heading-title elementor-size-default\">Contactanos <\/h2>\t\t\t\t<\/div>\n\t\t\t\t\t<\/div>\n\t\t<\/div>\n\t\t\t\t\t<\/div>\n\t\t<\/section>\n\t\t\t\t<section class=\"elementor-section elementor-top-section elementor-element elementor-element-b481488 elementor-section-boxed elementor-section-height-default elementor-section-height-default\" data-id=\"b481488\" data-element_type=\"section\" data-e-type=\"section\" data-settings=\"{&quot;background_background&quot;:&quot;classic&quot;,&quot;ekit_has_onepagescroll_dot&quot;:&quot;yes&quot;}\">\n\t\t\t\t\t\t<div class=\"elementor-container elementor-column-gap-default\">\n\t\t\t\t\t<div class=\"elementor-column elementor-col-100 elementor-top-column elementor-element elementor-element-70a841b7\" data-id=\"70a841b7\" data-element_type=\"column\" data-e-type=\"column\">\n\t\t\t<div class=\"elementor-widget-wrap elementor-element-populated\">\n\t\t\t\t\t\t<div class=\"elementor-element elementor-element-784bbdcb elementor-widget elementor-widget-heading\" data-id=\"784bbdcb\" data-element_type=\"widget\" data-e-type=\"widget\" data-settings=\"{&quot;ekit_we_effect_on&quot;:&quot;none&quot;}\" data-widget_type=\"heading.default\">\n\t\t\t\t\t<h2 class=\"elementor-heading-title elementor-size-default\">Conecta con la Escuela Formadora de Baristas<\/h2>\t\t\t\t<\/div>\n\t\t\t\t<div class=\"elementor-element elementor-element-58b394f7 elementor-widget-divider--view-line elementor-widget elementor-widget-divider\" data-id=\"58b394f7\" data-element_type=\"widget\" data-e-type=\"widget\" data-settings=\"{&quot;ekit_we_effect_on&quot;:&quot;none&quot;}\" data-widget_type=\"divider.default\">\n\t\t\t\t\t\t\t<div class=\"elementor-divider\">\n\t\t\t<span class=\"elementor-divider-separator\">\n\t\t\t\t\t\t<\/span>\n\t\t<\/div>\n\t\t\t\t\t\t<\/div>\n\t\t\t\t<div class=\"elementor-element elementor-element-2a3c142a elementor-widget elementor-widget-text-editor\" data-id=\"2a3c142a\" data-element_type=\"widget\" data-e-type=\"widget\" data-settings=\"{&quot;ekit_we_effect_on&quot;:&quot;none&quot;}\" data-widget_type=\"text-editor.default\">\n\t\t\t\t\t\t\t\t\t<p>Cont\u00e1ctanos y Empieza Tu Formaci\u00f3n en Barismo<\/p>\t\t\t\t\t\t\t\t<\/div>\n\t\t\t\t<section class=\"elementor-section elementor-inner-section elementor-element elementor-element-4777f185 elementor-section-boxed elementor-section-height-default elementor-section-height-default\" data-id=\"4777f185\" data-element_type=\"section\" data-e-type=\"section\" data-settings=\"{&quot;background_background&quot;:&quot;classic&quot;,&quot;ekit_has_onepagescroll_dot&quot;:&quot;yes&quot;}\">\n\t\t\t\t\t\t<div class=\"elementor-container elementor-column-gap-default\">\n\t\t\t\t\t<div class=\"elementor-column elementor-col-50 elementor-inner-column elementor-element elementor-element-4c6b7924\" data-id=\"4c6b7924\" data-element_type=\"column\" data-e-type=\"column\">\n\t\t\t<div class=\"elementor-widget-wrap elementor-element-populated\">\n\t\t\t\t\t\t<div class=\"elementor-element elementor-element-0630feb elementor-widget elementor-widget-wpforms\" data-id=\"0630feb\" data-element_type=\"widget\" data-e-type=\"widget\" data-settings=\"{&quot;ekit_we_effect_on&quot;:&quot;none&quot;}\" data-widget_type=\"wpforms.default\">\n\t\t\t\t<div class=\"elementor-widget-container\">\n\t\t\t\t\t<div class=\"wpforms-container wpforms-container-full wpforms-render-modern\" id=\"wpforms-573\"><form id=\"wpforms-form-573\" class=\"wpforms-validate wpforms-form wpforms-ajax-form\" data-formid=\"573\" method=\"post\" enctype=\"multipart\/form-data\" action=\"\/en\/wp-json\/wp\/v2\/pages\/100\" data-token=\"d2b889e8a178818534bb7bda5019144c\" data-token-time=\"1778162854\" data-trp-original-action=\"\/en\/wp-json\/wp\/v2\/pages\/100\"><noscript class=\"wpforms-error-noscript\">Please enable JavaScript in your browser to complete this form.<\/noscript><div id=\"wpforms-error-noscript\" style=\"display: none;\">Please enable JavaScript in your browser to complete this form.<\/div><div class=\"wpforms-field-container\"><div id=\"wpforms-573-field_1-container\" class=\"wpforms-field wpforms-field-name\" data-field-id=\"1\"><fieldset><legend class=\"wpforms-field-label\">Nombre <span class=\"wpforms-required-label\" aria-hidden=\"true\">*<\/span><\/legend><div class=\"wpforms-field-row wpforms-field-medium\"><div class=\"wpforms-field-row-block wpforms-first wpforms-one-half\"><input type=\"text\" id=\"wpforms-573-field_1\" class=\"wpforms-field-name-first wpforms-field-required\" name=\"wpforms[fields][1][first]\" aria-errormessage=\"wpforms-573-field_1-error\" required><label for=\"wpforms-573-field_1\" class=\"wpforms-field-sublabel after\">First<\/label><\/div><div class=\"wpforms-field-row-block wpforms-one-half\"><input type=\"text\" id=\"wpforms-573-field_1-last\" class=\"wpforms-field-name-last wpforms-field-required\" name=\"wpforms[fields][1][last]\" aria-errormessage=\"wpforms-573-field_1-last-error\" required><label for=\"wpforms-573-field_1-last\" class=\"wpforms-field-sublabel after\">Last<\/label><\/div><\/div><\/fieldset><\/div><div id=\"wpforms-573-field_2-container\" class=\"wpforms-field wpforms-field-email\" data-field-id=\"2\"><label class=\"wpforms-field-label\" for=\"wpforms-573-field_2\">Correo electr\u00f3nico <span class=\"wpforms-required-label\" aria-hidden=\"true\">*<\/span><\/label><input type=\"email\" id=\"wpforms-573-field_2\" class=\"wpforms-field-medium wpforms-field-required\" name=\"wpforms[fields][2]\" spellcheck=\"false\" aria-errormessage=\"wpforms-573-field_2-error\" required><\/div><div id=\"wpforms-573-field_4-container\" class=\"wpforms-field wpforms-field-number\" data-field-id=\"4\"><label class=\"wpforms-field-label\" for=\"wpforms-573-field_4\">N\u00famero de telefono<\/label><input type=\"number\" id=\"wpforms-573-field_4\" class=\"wpforms-field-medium\" name=\"wpforms[fields][4]\" step=\"any\" aria-errormessage=\"wpforms-573-field_4-error\" ><\/div>\t\t<div id=\"wpforms-573-field_5-container\"\n\t\t\tclass=\"wpforms-field wpforms-field-text\"\n\t\t\tdata-field-type=\"text\"\n\t\t\tdata-field-id=\"5\"\n\t\t\t>\n\t\t\t<label class=\"wpforms-field-label\" for=\"wpforms-573-field_5\" >o N\u00famero Comentario<\/label>\n\t\t\t<input type=\"text\" id=\"wpforms-573-field_5\" class=\"wpforms-field-medium\" name=\"wpforms[fields][5]\" >\n\t\t<\/div>\n\t\t<div id=\"wpforms-573-field_3-container\" class=\"wpforms-field wpforms-field-textarea\" data-field-id=\"3\"><label class=\"wpforms-field-label\" for=\"wpforms-573-field_3\">Comentario o mensaje<\/label><textarea id=\"wpforms-573-field_3\" class=\"wpforms-field-medium\" name=\"wpforms[fields][3]\" aria-errormessage=\"wpforms-573-field_3-error\" ><\/textarea><\/div><script>\n\t\t\t\t( function() {\n\t\t\t\t\tconst style = document.createElement( 'style' );\n\t\t\t\t\tstyle.appendChild( document.createTextNode( '#wpforms-573-field_5-container { position: absolute !important; overflow: hidden !important; display: inline !important; height: 1px !important; width: 1px !important; z-index: -1000 !important; padding: 0 !important; } #wpforms-573-field_5-container input { visibility: hidden; } #wpforms-conversational-form-page #wpforms-573-field_5-container label { counter-increment: none; }' ) );\n\t\t\t\t\tdocument.head.appendChild( style );\n\t\t\t\t\tdocument.currentScript?.remove();\n\t\t\t\t} )();\n\t\t\t<\/script><\/div><!-- .wpforms-field-container --><div class=\"wpforms-recaptcha-container wpforms-is-recaptcha wpforms-is-recaptcha-type-v2\" ><div class=\"g-recaptcha\" data-sitekey=\"6LeDeVksAAAAALJ5uooBWwarxlhRucTCqVCLJmHA\"><\/div><input type=\"text\" name=\"g-recaptcha-hidden\" class=\"wpforms-recaptcha-hidden\" style=\"position:absolute!important;clip:rect(0,0,0,0)!important;height:1px!important;width:1px!important;border:0!important;overflow:hidden!important;padding:0!important;margin:0!important;\" data-rule-recaptcha=\"1\"><\/div><div class=\"wpforms-submit-container\" ><input type=\"hidden\" name=\"wpforms[id]\" value=\"573\"><input type=\"hidden\" name=\"page_title\" value=\"\"><input type=\"hidden\" name=\"page_url\" value=\"https:\/\/escuelaformadoradebaristas.com\/en\/wp-json\/wp\/v2\/pages\/100\"><input type=\"hidden\" name=\"url_referer\" value=\"\"><button type=\"submit\" name=\"wpforms[submit]\" id=\"wpforms-submit-573\" class=\"wpforms-submit\" data-alt-text=\"Enviando...\" data-submit-text=\"Enviar\" aria-live=\"assertive\" value=\"wpforms-submit\">Enviar<\/button><img decoding=\"async\" src=\"https:\/\/escuelaformadoradebaristas.com\/wp-content\/plugins\/wpforms\/assets\/images\/submit-spin.svg\" class=\"wpforms-submit-spinner\" style=\"display: none;\" width=\"26\" height=\"26\" alt=\"Loading\"><\/div><input type=\"hidden\" name=\"trp-form-language\" value=\"en\"\/><\/form><\/div>  <!-- .wpforms-container -->\t\t\t\t<\/div>\n\t\t\t\t<\/div>\n\t\t\t\t\t<\/div>\n\t\t<\/div>\n\t\t\t\t<div class=\"elementor-column elementor-col-50 elementor-inner-column elementor-element elementor-element-583bc14e\" data-id=\"583bc14e\" data-element_type=\"column\" data-e-type=\"column\">\n\t\t\t<div class=\"elementor-widget-wrap elementor-element-populated\">\n\t\t\t\t\t\t<div class=\"elementor-element elementor-element-54c3b852 elementor-widget elementor-widget-heading\" data-id=\"54c3b852\" data-element_type=\"widget\" data-e-type=\"widget\" data-settings=\"{&quot;ekit_we_effect_on&quot;:&quot;none&quot;}\" data-widget_type=\"heading.default\">\n\t\t\t\t\t<h4 class=\"elementor-heading-title elementor-size-default\">Direcci\u00f3n <\/h4>\t\t\t\t<\/div>\n\t\t\t\t<div class=\"elementor-element elementor-element-51f7bfc elementor-widget elementor-widget-text-editor\" data-id=\"51f7bfc\" data-element_type=\"widget\" data-e-type=\"widget\" data-settings=\"{&quot;ekit_we_effect_on&quot;:&quot;none&quot;}\" data-widget_type=\"text-editor.default\">\n\t\t\t\t\t\t\t\t\t<p>Cra. 33 N\u00b0 51 &#8211; 119 C.C. Cosmocentro Local 206 B\/manga &#8211; Colombia<\/p>\t\t\t\t\t\t\t\t<\/div>\n\t\t\t\t<div class=\"elementor-element elementor-element-18ceec10 elementor-widget elementor-widget-heading\" data-id=\"18ceec10\" data-element_type=\"widget\" data-e-type=\"widget\" data-settings=\"{&quot;ekit_we_effect_on&quot;:&quot;none&quot;}\" data-widget_type=\"heading.default\">\n\t\t\t\t\t<h4 class=\"elementor-heading-title elementor-size-default\">Tel\u00e9fono \n<\/h4>\t\t\t\t<\/div>\n\t\t\t\t<div class=\"elementor-element elementor-element-a0b0b3b elementor-widget elementor-widget-text-editor\" data-id=\"a0b0b3b\" data-element_type=\"widget\" data-e-type=\"widget\" data-settings=\"{&quot;ekit_we_effect_on&quot;:&quot;none&quot;}\" data-widget_type=\"text-editor.default\">\n\t\t\t\t\t\t\t\t\t<p>+573174406621<\/p>\t\t\t\t\t\t\t\t<\/div>\n\t\t\t\t<div class=\"elementor-element elementor-element-c4eef98 elementor-widget elementor-widget-heading\" data-id=\"c4eef98\" data-element_type=\"widget\" data-e-type=\"widget\" data-settings=\"{&quot;ekit_we_effect_on&quot;:&quot;none&quot;}\" data-widget_type=\"heading.default\">\n\t\t\t\t\t<h4 class=\"elementor-heading-title elementor-size-default\"> Correo \n<\/h4>\t\t\t\t<\/div>\n\t\t\t\t<div class=\"elementor-element elementor-element-9a41bf9 elementor-widget elementor-widget-text-editor\" data-id=\"9a41bf9\" data-element_type=\"widget\" data-e-type=\"widget\" data-settings=\"{&quot;ekit_we_effect_on&quot;:&quot;none&quot;}\" data-widget_type=\"text-editor.default\">\n\t\t\t\t\t\t\t\t\t<p>escuelaformadoradebaristas@gmail.com<\/p>\t\t\t\t\t\t\t\t<\/div>\n\t\t\t\t<div class=\"elementor-element elementor-element-545d935 elementor-widget elementor-widget-google_maps\" data-id=\"545d935\" data-element_type=\"widget\" data-e-type=\"widget\" data-settings=\"{&quot;ekit_we_effect_on&quot;:&quot;none&quot;}\" data-widget_type=\"google_maps.default\">\n\t\t\t\t\t\t\t<div class=\"elementor-custom-embed\">\n\t\t\t<iframe loading=\"lazy\"\n\t\t\t\t\tsrc=\"https:\/\/maps.google.com\/maps?q=Cra.%2033%20N%C2%B0%2051%20-%20119%20C.C.%20Cosmocentro%20Local%20206%20B%2Fmanga%20-%20Colombia&#038;t=m&#038;z=10&#038;output=embed&#038;iwloc=near\"\n\t\t\t\t\ttitle=\"Cra. 33 N\u00b0 51 - 119 C.C. Cosmocentro Local 206 B\/manga - Colombia\"\n\t\t\t\t\taria-label=\"Cra. 33 N\u00b0 51 - 119 C.C. Cosmocentro Local 206 B\/manga - Colombia\"\n\t\t\t><\/iframe>\n\t\t<\/div>\n\t\t\t\t\t\t<\/div>\n\t\t\t\t\t<\/div>\n\t\t<\/div>\n\t\t\t\t\t<\/div>\n\t\t<\/section>\n\t\t\t\t\t<\/div>\n\t\t<\/div>\n\t\t\t\t\t<\/div>\n\t\t<\/section>\n\t\t\t\t<\/div>","protected":false},"excerpt":{"rendered":"<p>Contactanos Conecta con la Escuela Formadora de Baristas Cont\u00e1ctanos y Empieza Tu Formaci\u00f3n en Barismo Por favor, activa JavaScript en tu navegador para completar este formulario.Por favor, activa JavaScript en tu navegador para completar este formulario. Nombre * NombreApellidos Correo electr\u00f3nico *N\u00famero de telefonoComentario o mensaje Enviar Direcci\u00f3n Cra. 33 N\u00b0 51 &#8211; 119 C.C. [&hellip;]<\/p>","protected":false},"author":1,"featured_media":0,"parent":0,"menu_order":0,"comment_status":"closed","ping_status":"closed","template":"elementor_header_footer","meta":{"_joinchat":[],"footnotes":""},"class_list":["post-100","page","type-page","status-publish","hentry"],"yoast_head":"<!-- This site is optimized with the Yoast SEO Premium plugin v26.8 (Yoast SEO v27.4) - https:\/\/yoast.com\/product\/yoast-seo-premium-wordpress\/ -->\n<title>Contacto - Escuela Formadora de Baristas<\/title>\n<meta name=\"robots\" content=\"index, follow, max-snippet:-1, max-image-preview:large, max-video-preview:-1\" \/>\n<link rel=\"canonical\" href=\"https:\/\/escuelaformadoradebaristas.com\/en\/contacto\/\" \/>\n<meta property=\"og:locale\" content=\"en_US\" \/>\n<meta property=\"og:type\" content=\"article\" \/>\n<meta property=\"og:title\" content=\"Contacto\" \/>\n<meta property=\"og:description\" content=\"Contactanos Conecta con la Escuela Formadora de Baristas Cont\u00e1ctanos y Empieza Tu Formaci\u00f3n en Barismo Por favor, activa JavaScript en tu navegador para completar este formulario.Por favor, activa JavaScript en tu navegador para completar este formulario. Nombre * NombreApellidos Correo electr\u00f3nico *N\u00famero de telefonoComentario o mensaje Enviar Direcci\u00f3n Cra. 33 N\u00b0 51 &#8211; 119 C.C. [&hellip;]\" \/>\n<meta property=\"og:url\" content=\"https:\/\/escuelaformadoradebaristas.com\/en\/contacto\/\" \/>\n<meta property=\"og:site_name\" content=\"Escuela Formadora de Baristas\" \/>\n<meta property=\"article:modified_time\" content=\"2026-02-05T16:29:07+00:00\" \/>\n<meta property=\"og:image\" content=\"https:\/\/escuelaformadoradebaristas.com\/wp-content\/plugins\/wpforms\/assets\/images\/submit-spin.svg\" \/>\n<meta name=\"twitter:card\" content=\"summary_large_image\" \/>\n<meta name=\"twitter:label1\" content=\"Est. reading time\" \/>\n\t<meta name=\"twitter:data1\" content=\"1 minute\" \/>\n<script type=\"application\/ld+json\" class=\"yoast-schema-graph\">{\"@context\":\"https:\\\/\\\/schema.org\",\"@graph\":[{\"@type\":\"WebPage\",\"@id\":\"https:\\\/\\\/escuelaformadoradebaristas.com\\\/contacto\\\/\",\"url\":\"https:\\\/\\\/escuelaformadoradebaristas.com\\\/contacto\\\/\",\"name\":\"Contacto - Escuela Formadora de Baristas\",\"isPartOf\":{\"@id\":\"https:\\\/\\\/escuelaformadoradebaristas.com\\\/#website\"},\"primaryImageOfPage\":{\"@id\":\"https:\\\/\\\/escuelaformadoradebaristas.com\\\/contacto\\\/#primaryimage\"},\"image\":{\"@id\":\"https:\\\/\\\/escuelaformadoradebaristas.com\\\/contacto\\\/#primaryimage\"},\"thumbnailUrl\":\"https:\\\/\\\/escuelaformadoradebaristas.com\\\/wp-content\\\/plugins\\\/wpforms\\\/assets\\\/images\\\/submit-spin.svg\",\"datePublished\":\"2025-11-20T18:47:01+00:00\",\"dateModified\":\"2026-02-05T16:29:07+00:00\",\"breadcrumb\":{\"@id\":\"https:\\\/\\\/escuelaformadoradebaristas.com\\\/contacto\\\/#breadcrumb\"},\"inLanguage\":\"en-US\",\"potentialAction\":[{\"@type\":\"ReadAction\",\"target\":[\"https:\\\/\\\/escuelaformadoradebaristas.com\\\/contacto\\\/\"]}]},{\"@type\":\"ImageObject\",\"inLanguage\":\"en-US\",\"@id\":\"https:\\\/\\\/escuelaformadoradebaristas.com\\\/contacto\\\/#primaryimage\",\"url\":\"https:\\\/\\\/escuelaformadoradebaristas.com\\\/wp-content\\\/plugins\\\/wpforms\\\/assets\\\/images\\\/submit-spin.svg\",\"contentUrl\":\"https:\\\/\\\/escuelaformadoradebaristas.com\\\/wp-content\\\/plugins\\\/wpforms\\\/assets\\\/images\\\/submit-spin.svg\"},{\"@type\":\"BreadcrumbList\",\"@id\":\"https:\\\/\\\/escuelaformadoradebaristas.com\\\/contacto\\\/#breadcrumb\",\"itemListElement\":[{\"@type\":\"ListItem\",\"position\":1,\"name\":\"Home\",\"item\":\"https:\\\/\\\/escuelaformadoradebaristas.com\\\/\"},{\"@type\":\"ListItem\",\"position\":2,\"name\":\"Contacto\"}]},{\"@type\":\"WebSite\",\"@id\":\"https:\\\/\\\/escuelaformadoradebaristas.com\\\/#website\",\"url\":\"https:\\\/\\\/escuelaformadoradebaristas.com\\\/\",\"name\":\"Escuela Formadora de Baristas\",\"description\":\"Cursos de barismo presenciales y formaci\u00f3n profesional en caf\u00e9\",\"publisher\":{\"@id\":\"https:\\\/\\\/escuelaformadoradebaristas.com\\\/#organization\"},\"potentialAction\":[{\"@type\":\"SearchAction\",\"target\":{\"@type\":\"EntryPoint\",\"urlTemplate\":\"https:\\\/\\\/escuelaformadoradebaristas.com\\\/?s={search_term_string}\"},\"query-input\":{\"@type\":\"PropertyValueSpecification\",\"valueRequired\":true,\"valueName\":\"search_term_string\"}}],\"inLanguage\":\"en-US\"},{\"@type\":\"Organization\",\"@id\":\"https:\\\/\\\/escuelaformadoradebaristas.com\\\/#organization\",\"name\":\"Escuela Formadora de Baristas\",\"url\":\"https:\\\/\\\/escuelaformadoradebaristas.com\\\/\",\"logo\":{\"@type\":\"ImageObject\",\"inLanguage\":\"en-US\",\"@id\":\"https:\\\/\\\/escuelaformadoradebaristas.com\\\/#\\\/schema\\\/logo\\\/image\\\/\",\"url\":\"https:\\\/\\\/escuelaformadoradebaristas.com\\\/wp-content\\\/uploads\\\/2025\\\/11\\\/cropped-Logo_escuela_Formadora_de_baristas-1.jpeg\",\"contentUrl\":\"https:\\\/\\\/escuelaformadoradebaristas.com\\\/wp-content\\\/uploads\\\/2025\\\/11\\\/cropped-Logo_escuela_Formadora_de_baristas-1.jpeg\",\"width\":838,\"height\":823,\"caption\":\"Escuela Formadora de Baristas\"},\"image\":{\"@id\":\"https:\\\/\\\/escuelaformadoradebaristas.com\\\/#\\\/schema\\\/logo\\\/image\\\/\"}}]}<\/script>\n<!-- \/ Yoast SEO Premium plugin. -->","yoast_head_json":{"title":"Contacto - Escuela Formadora de Baristas","robots":{"index":"index","follow":"follow","max-snippet":"max-snippet:-1","max-image-preview":"max-image-preview:large","max-video-preview":"max-video-preview:-1"},"canonical":"https:\/\/escuelaformadoradebaristas.com\/en\/contacto\/","og_locale":"en_US","og_type":"article","og_title":"Contacto","og_description":"Contactanos Conecta con la Escuela Formadora de Baristas Cont\u00e1ctanos y Empieza Tu Formaci\u00f3n en Barismo Por favor, activa JavaScript en tu navegador para completar este formulario.Por favor, activa JavaScript en tu navegador para completar este formulario. Nombre * NombreApellidos Correo electr\u00f3nico *N\u00famero de telefonoComentario o mensaje Enviar Direcci\u00f3n Cra. 33 N\u00b0 51 &#8211; 119 C.C. [&hellip;]","og_url":"https:\/\/escuelaformadoradebaristas.com\/en\/contacto\/","og_site_name":"Escuela Formadora de Baristas","article_modified_time":"2026-02-05T16:29:07+00:00","og_image":[{"url":"https:\/\/escuelaformadoradebaristas.com\/wp-content\/plugins\/wpforms\/assets\/images\/submit-spin.svg","type":"","width":"","height":""}],"twitter_card":"summary_large_image","twitter_misc":{"Est. reading time":"1 minute"},"schema":{"@context":"https:\/\/schema.org","@graph":[{"@type":"WebPage","@id":"https:\/\/escuelaformadoradebaristas.com\/contacto\/","url":"https:\/\/escuelaformadoradebaristas.com\/contacto\/","name":"Contacto - Escuela Formadora de Baristas","isPartOf":{"@id":"https:\/\/escuelaformadoradebaristas.com\/#website"},"primaryImageOfPage":{"@id":"https:\/\/escuelaformadoradebaristas.com\/contacto\/#primaryimage"},"image":{"@id":"https:\/\/escuelaformadoradebaristas.com\/contacto\/#primaryimage"},"thumbnailUrl":"https:\/\/escuelaformadoradebaristas.com\/wp-content\/plugins\/wpforms\/assets\/images\/submit-spin.svg","datePublished":"2025-11-20T18:47:01+00:00","dateModified":"2026-02-05T16:29:07+00:00","breadcrumb":{"@id":"https:\/\/escuelaformadoradebaristas.com\/contacto\/#breadcrumb"},"inLanguage":"en-US","potentialAction":[{"@type":"ReadAction","target":["https:\/\/escuelaformadoradebaristas.com\/contacto\/"]}]},{"@type":"ImageObject","inLanguage":"en-US","@id":"https:\/\/escuelaformadoradebaristas.com\/contacto\/#primaryimage","url":"https:\/\/escuelaformadoradebaristas.com\/wp-content\/plugins\/wpforms\/assets\/images\/submit-spin.svg","contentUrl":"https:\/\/escuelaformadoradebaristas.com\/wp-content\/plugins\/wpforms\/assets\/images\/submit-spin.svg"},{"@type":"BreadcrumbList","@id":"https:\/\/escuelaformadoradebaristas.com\/contacto\/#breadcrumb","itemListElement":[{"@type":"ListItem","position":1,"name":"Home","item":"https:\/\/escuelaformadoradebaristas.com\/"},{"@type":"ListItem","position":2,"name":"Contacto"}]},{"@type":"WebSite","@id":"https:\/\/escuelaformadoradebaristas.com\/#website","url":"https:\/\/escuelaformadoradebaristas.com\/","name":"Escuela Formadora de Baristas","description":"Cursos de barismo presenciales y formaci\u00f3n profesional en caf\u00e9","publisher":{"@id":"https:\/\/escuelaformadoradebaristas.com\/#organization"},"potentialAction":[{"@type":"SearchAction","target":{"@type":"EntryPoint","urlTemplate":"https:\/\/escuelaformadoradebaristas.com\/?s={search_term_string}"},"query-input":{"@type":"PropertyValueSpecification","valueRequired":true,"valueName":"search_term_string"}}],"inLanguage":"en-US"},{"@type":"Organization","@id":"https:\/\/escuelaformadoradebaristas.com\/#organization","name":"Escuela Formadora de Baristas","url":"https:\/\/escuelaformadoradebaristas.com\/","logo":{"@type":"ImageObject","inLanguage":"en-US","@id":"https:\/\/escuelaformadoradebaristas.com\/#\/schema\/logo\/image\/","url":"https:\/\/escuelaformadoradebaristas.com\/wp-content\/uploads\/2025\/11\/cropped-Logo_escuela_Formadora_de_baristas-1.jpeg","contentUrl":"https:\/\/escuelaformadoradebaristas.com\/wp-content\/uploads\/2025\/11\/cropped-Logo_escuela_Formadora_de_baristas-1.jpeg","width":838,"height":823,"caption":"Escuela Formadora de Baristas"},"image":{"@id":"https:\/\/escuelaformadoradebaristas.com\/#\/schema\/logo\/image\/"}}]}},"_links":{"self":[{"href":"https:\/\/escuelaformadoradebaristas.com\/en\/wp-json\/wp\/v2\/pages\/100","targetHints":{"allow":["GET"]}}],"collection":[{"href":"https:\/\/escuelaformadoradebaristas.com\/en\/wp-json\/wp\/v2\/pages"}],"about":[{"href":"https:\/\/escuelaformadoradebaristas.com\/en\/wp-json\/wp\/v2\/types\/page"}],"author":[{"embeddable":true,"href":"https:\/\/escuelaformadoradebaristas.com\/en\/wp-json\/wp\/v2\/users\/1"}],"replies":[{"embeddable":true,"href":"https:\/\/escuelaformadoradebaristas.com\/en\/wp-json\/wp\/v2\/comments?post=100"}],"version-history":[{"count":28,"href":"https:\/\/escuelaformadoradebaristas.com\/en\/wp-json\/wp\/v2\/pages\/100\/revisions"}],"predecessor-version":[{"id":633,"href":"https:\/\/escuelaformadoradebaristas.com\/en\/wp-json\/wp\/v2\/pages\/100\/revisions\/633"}],"wp:attachment":[{"href":"https:\/\/escuelaformadoradebaristas.com\/en\/wp-json\/wp\/v2\/media?parent=100"}],"curies":[{"name":"wp","href":"https:\/\/api.w.org\/{rel}","templated":true}]}}