{"id":478,"date":"2025-12-16T20:00:08","date_gmt":"2025-12-16T20:00:08","guid":{"rendered":"https:\/\/escuelaformadoradebaristas.com\/?page_id=478"},"modified":"2025-12-16T21:57:13","modified_gmt":"2025-12-16T21:57:13","slug":"cata-de-cafe","status":"publish","type":"page","link":"https:\/\/escuelaformadoradebaristas.com\/en\/cata-de-cafe\/","title":{"rendered":"Cata de Caf\u00e9"},"content":{"rendered":"<div data-elementor-type=\"wp-page\" data-elementor-id=\"478\" class=\"elementor elementor-478\" data-elementor-post-type=\"page\">\n\t\t\t\t\t\t<section class=\"elementor-section elementor-top-section elementor-element elementor-element-576e8cc7 elementor-section-boxed elementor-section-height-default elementor-section-height-default\" data-id=\"576e8cc7\" data-element_type=\"section\" data-e-type=\"section\" data-settings=\"{&quot;background_background&quot;:&quot;classic&quot;,&quot;ekit_has_onepagescroll_dot&quot;:&quot;yes&quot;}\">\n\t\t\t\t\t\t\t<div class=\"elementor-background-overlay\"><\/div>\n\t\t\t\t\t\t\t<div class=\"elementor-container elementor-column-gap-default\">\n\t\t\t\t\t<div class=\"elementor-column elementor-col-100 elementor-top-column elementor-element elementor-element-44cd79f3\" data-id=\"44cd79f3\" data-element_type=\"column\" data-e-type=\"column\">\n\t\t\t<div class=\"elementor-widget-wrap elementor-element-populated\">\n\t\t\t\t\t\t<div class=\"elementor-element elementor-element-3aba1668 elementor-widget elementor-widget-heading\" data-id=\"3aba1668\" data-element_type=\"widget\" data-e-type=\"widget\" data-settings=\"{&quot;ekit_we_effect_on&quot;:&quot;none&quot;}\" data-widget_type=\"heading.default\">\n\t\t\t\t\t<h1 class=\"elementor-heading-title elementor-size-default\">Cata de Caf\u00e9<\/h1>\t\t\t\t<\/div>\n\t\t\t\t\t<\/div>\n\t\t<\/div>\n\t\t\t\t\t<\/div>\n\t\t<\/section>\n\t\t\t\t<section class=\"elementor-section elementor-top-section elementor-element elementor-element-a030c7a elementor-section-boxed elementor-section-height-default elementor-section-height-default\" data-id=\"a030c7a\" data-element_type=\"section\" data-e-type=\"section\" data-settings=\"{&quot;background_background&quot;:&quot;classic&quot;,&quot;ekit_has_onepagescroll_dot&quot;:&quot;yes&quot;}\">\n\t\t\t\t\t\t<div class=\"elementor-container elementor-column-gap-default\">\n\t\t\t\t\t<div class=\"elementor-column elementor-col-50 elementor-top-column elementor-element elementor-element-a63ebb4\" data-id=\"a63ebb4\" data-element_type=\"column\" data-e-type=\"column\">\n\t\t\t<div class=\"elementor-widget-wrap elementor-element-populated\">\n\t\t\t\t\t\t<div class=\"elementor-element elementor-element-119da0e elementor-widget elementor-widget-image\" data-id=\"119da0e\" data-element_type=\"widget\" data-e-type=\"widget\" data-settings=\"{&quot;ekit_we_effect_on&quot;:&quot;none&quot;}\" data-widget_type=\"image.default\">\n\t\t\t\t\t\t\t\t\t\t\t\t\t\t\t<img fetchpriority=\"high\" decoding=\"async\" width=\"800\" height=\"800\" src=\"https:\/\/escuelaformadoradebaristas.com\/wp-content\/uploads\/2025\/12\/Diseno-sin-titulo-18.png\" class=\"attachment-large size-large wp-image-443\" alt=\"\" srcset=\"https:\/\/escuelaformadoradebaristas.com\/wp-content\/uploads\/2025\/12\/Diseno-sin-titulo-18.png 1024w, https:\/\/escuelaformadoradebaristas.com\/wp-content\/uploads\/2025\/12\/Diseno-sin-titulo-18-300x300.png 300w, https:\/\/escuelaformadoradebaristas.com\/wp-content\/uploads\/2025\/12\/Diseno-sin-titulo-18-150x150.png 150w, https:\/\/escuelaformadoradebaristas.com\/wp-content\/uploads\/2025\/12\/Diseno-sin-titulo-18-768x768.png 768w\" sizes=\"(max-width: 800px) 100vw, 800px\" \/>\t\t\t\t\t\t\t\t\t\t\t\t\t\t\t<\/div>\n\t\t\t\t<div class=\"elementor-element elementor-element-15891013 elementor-widget elementor-widget-heading\" data-id=\"15891013\" data-element_type=\"widget\" data-e-type=\"widget\" data-settings=\"{&quot;ekit_we_effect_on&quot;:&quot;none&quot;}\" data-widget_type=\"heading.default\">\n\t\t\t\t\t<h3 class=\"elementor-heading-title elementor-size-default\">Detalles del Curso <\/h3>\t\t\t\t<\/div>\n\t\t\t\t<div class=\"elementor-element elementor-element-7aa76831 elementor-icon-list--layout-traditional elementor-list-item-link-full_width elementor-widget elementor-widget-icon-list\" data-id=\"7aa76831\" data-element_type=\"widget\" data-e-type=\"widget\" data-settings=\"{&quot;ekit_we_effect_on&quot;:&quot;none&quot;}\" data-widget_type=\"icon-list.default\">\n\t\t\t\t\t\t\t<ul class=\"elementor-icon-list-items\">\n\t\t\t\t\t\t\t<li class=\"elementor-icon-list-item\">\n\t\t\t\t\t\t\t\t\t\t\t<span class=\"elementor-icon-list-icon\">\n\t\t\t\t\t\t\t<svg aria-hidden=\"true\" class=\"e-font-icon-svg e-far-check-circle\" viewbox=\"0 0 512 512\" xmlns=\"http:\/\/www.w3.org\/2000\/svg\"><path d=\"M256 8C119.033 8 8 119.033 8 256s111.033 248 248 248 248-111.033 248-248S392.967 8 256 8zm0 48c110.532 0 200 89.451 200 200 0 110.532-89.451 200-200 200-110.532 0-200-89.451-200-200 0-110.532 89.451-200 200-200m140.204 130.267l-22.536-22.718c-4.667-4.705-12.265-4.736-16.97-.068L215.346 303.697l-59.792-60.277c-4.667-4.705-12.265-4.736-16.97-.069l-22.719 22.536c-4.705 4.667-4.736 12.265-.068 16.971l90.781 91.516c4.667 4.705 12.265 4.736 16.97.068l172.589-171.204c4.704-4.668 4.734-12.266.067-16.971z\"><\/path><\/svg>\t\t\t\t\t\t<\/span>\n\t\t\t\t\t\t\t\t\t\t<span class=\"elementor-icon-list-text\">Formadora: Claudia Prieto<\/span>\n\t\t\t\t\t\t\t\t\t<\/li>\n\t\t\t\t\t\t\t\t<li class=\"elementor-icon-list-item\">\n\t\t\t\t\t\t\t\t\t\t\t<span class=\"elementor-icon-list-icon\">\n\t\t\t\t\t\t\t<svg aria-hidden=\"true\" class=\"e-font-icon-svg e-far-check-circle\" viewbox=\"0 0 512 512\" xmlns=\"http:\/\/www.w3.org\/2000\/svg\"><path d=\"M256 8C119.033 8 8 119.033 8 256s111.033 248 248 248 248-111.033 248-248S392.967 8 256 8zm0 48c110.532 0 200 89.451 200 200 0 110.532-89.451 200-200 200-110.532 0-200-89.451-200-200 0-110.532 89.451-200 200-200m140.204 130.267l-22.536-22.718c-4.667-4.705-12.265-4.736-16.97-.068L215.346 303.697l-59.792-60.277c-4.667-4.705-12.265-4.736-16.97-.069l-22.719 22.536c-4.705 4.667-4.736 12.265-.068 16.971l90.781 91.516c4.667 4.705 12.265 4.736 16.97.068l172.589-171.204c4.704-4.668 4.734-12.266.067-16.971z\"><\/path><\/svg>\t\t\t\t\t\t<\/span>\n\t\t\t\t\t\t\t\t\t\t<span class=\"elementor-icon-list-text\">Modalidad: Presencial<\/span>\n\t\t\t\t\t\t\t\t\t<\/li>\n\t\t\t\t\t\t\t\t<li class=\"elementor-icon-list-item\">\n\t\t\t\t\t\t\t\t\t\t\t<span class=\"elementor-icon-list-icon\">\n\t\t\t\t\t\t\t<svg aria-hidden=\"true\" class=\"e-font-icon-svg e-far-check-circle\" viewbox=\"0 0 512 512\" xmlns=\"http:\/\/www.w3.org\/2000\/svg\"><path d=\"M256 8C119.033 8 8 119.033 8 256s111.033 248 248 248 248-111.033 248-248S392.967 8 256 8zm0 48c110.532 0 200 89.451 200 200 0 110.532-89.451 200-200 200-110.532 0-200-89.451-200-200 0-110.532 89.451-200 200-200m140.204 130.267l-22.536-22.718c-4.667-4.705-12.265-4.736-16.97-.068L215.346 303.697l-59.792-60.277c-4.667-4.705-12.265-4.736-16.97-.069l-22.719 22.536c-4.705 4.667-4.736 12.265-.068 16.971l90.781 91.516c4.667 4.705 12.265 4.736 16.97.068l172.589-171.204c4.704-4.668 4.734-12.266.067-16.971z\"><\/path><\/svg>\t\t\t\t\t\t<\/span>\n\t\t\t\t\t\t\t\t\t\t<span class=\"elementor-icon-list-text\">Certificaci\u00f3n: S\u00ed<\/span>\n\t\t\t\t\t\t\t\t\t<\/li>\n\t\t\t\t\t\t\t\t<li class=\"elementor-icon-list-item\">\n\t\t\t\t\t\t\t\t\t\t\t<span class=\"elementor-icon-list-icon\">\n\t\t\t\t\t\t\t<svg aria-hidden=\"true\" class=\"e-font-icon-svg e-far-check-circle\" viewbox=\"0 0 512 512\" xmlns=\"http:\/\/www.w3.org\/2000\/svg\"><path d=\"M256 8C119.033 8 8 119.033 8 256s111.033 248 248 248 248-111.033 248-248S392.967 8 256 8zm0 48c110.532 0 200 89.451 200 200 0 110.532-89.451 200-200 200-110.532 0-200-89.451-200-200 0-110.532 89.451-200 200-200m140.204 130.267l-22.536-22.718c-4.667-4.705-12.265-4.736-16.97-.068L215.346 303.697l-59.792-60.277c-4.667-4.705-12.265-4.736-16.97-.069l-22.719 22.536c-4.705 4.667-4.736 12.265-.068 16.971l90.781 91.516c4.667 4.705 12.265 4.736 16.97.068l172.589-171.204c4.704-4.668 4.734-12.266.067-16.971z\"><\/path><\/svg>\t\t\t\t\t\t<\/span>\n\t\t\t\t\t\t\t\t\t\t<span class=\"elementor-icon-list-text\">Incluye: Materiales de cata, caf\u00e9s especiales Caf\u00e9 Rous y gu\u00eda de apoyo<\/span>\n\t\t\t\t\t\t\t\t\t<\/li>\n\t\t\t\t\t\t<\/ul>\n\t\t\t\t\t\t<\/div>\n\t\t\t\t\t<\/div>\n\t\t<\/div>\n\t\t\t\t<div class=\"elementor-column elementor-col-50 elementor-top-column elementor-element elementor-element-216c6a52\" data-id=\"216c6a52\" data-element_type=\"column\" data-e-type=\"column\">\n\t\t\t<div class=\"elementor-widget-wrap elementor-element-populated\">\n\t\t\t\t\t\t<div class=\"elementor-element elementor-element-be057b2 elementor-widget-divider--view-line elementor-widget elementor-widget-divider\" data-id=\"be057b2\" data-element_type=\"widget\" data-e-type=\"widget\" data-settings=\"{&quot;ekit_we_effect_on&quot;:&quot;none&quot;}\" data-widget_type=\"divider.default\">\n\t\t\t\t\t\t\t<div class=\"elementor-divider\">\n\t\t\t<span class=\"elementor-divider-separator\">\n\t\t\t\t\t\t<\/span>\n\t\t<\/div>\n\t\t\t\t\t\t<\/div>\n\t\t\t\t<div class=\"elementor-element elementor-element-6b9eb5b8 elementor-widget__width-initial elementor-widget elementor-widget-text-editor\" data-id=\"6b9eb5b8\" data-element_type=\"widget\" data-e-type=\"widget\" data-settings=\"{&quot;ekit_we_effect_on&quot;:&quot;none&quot;}\" data-widget_type=\"text-editor.default\">\n\t\t\t\t\t\t\t\t\t<p>La Cata de Caf\u00e9 es una experiencia sensorial dise\u00f1ada para que aprendas a reconocer los atributos que hacen \u00fanico a cada Caf\u00e9. En este curso desarrollar\u00e1s tu paladar, aprender\u00e1s a identificar notas arom\u00e1ticas, niveles de acidez, cuerpo, dulzor y defectos en taza. Es una formaci\u00f3n totalmente pr\u00e1ctica, guiada por Claudia Prieto, Barista Profesional SCA, quien te ense\u00f1ar\u00e1 la metodolog\u00eda utilizada por profesionales del caf\u00e9 de especialidad.<\/p>\t\t\t\t\t\t\t\t<\/div>\n\t\t\t\t<div class=\"elementor-element elementor-element-6b1b689 elementor-widget elementor-widget-heading\" data-id=\"6b1b689\" data-element_type=\"widget\" data-e-type=\"widget\" data-settings=\"{&quot;ekit_we_effect_on&quot;:&quot;none&quot;}\" data-widget_type=\"heading.default\">\n\t\t\t\t\t<h2 class=\"elementor-heading-title elementor-size-default\">\"Aprende a identificar aromas, sabores, acidez y perfiles de taza como un catador profesional\".<\/h2>\t\t\t\t<\/div>\n\t\t\t\t<div class=\"elementor-element elementor-element-317706a elementor-widget elementor-widget-heading\" data-id=\"317706a\" data-element_type=\"widget\" data-e-type=\"widget\" data-settings=\"{&quot;ekit_we_effect_on&quot;:&quot;none&quot;}\" data-widget_type=\"heading.default\">\n\t\t\t\t\t<h2 class=\"elementor-heading-title elementor-size-default\">Lo que aprenderas <\/h2>\t\t\t\t<\/div>\n\t\t\t\t<div class=\"elementor-element elementor-element-442ad2ea elementor-icon-list--layout-traditional elementor-list-item-link-full_width elementor-widget elementor-widget-icon-list\" data-id=\"442ad2ea\" data-element_type=\"widget\" data-e-type=\"widget\" data-settings=\"{&quot;ekit_we_effect_on&quot;:&quot;none&quot;}\" data-widget_type=\"icon-list.default\">\n\t\t\t\t\t\t\t<ul class=\"elementor-icon-list-items\">\n\t\t\t\t\t\t\t<li class=\"elementor-icon-list-item\">\n\t\t\t\t\t\t\t\t\t\t\t<span class=\"elementor-icon-list-icon\">\n\t\t\t\t\t\t\t<i aria-hidden=\"true\" class=\"icon icon-Coffee-cup\"><\/i>\t\t\t\t\t\t<\/span>\n\t\t\t\t\t\t\t\t\t\t<span class=\"elementor-icon-list-text\">Identificaci\u00f3n de aromas, fragancias y sabores<\/span>\n\t\t\t\t\t\t\t\t\t<\/li>\n\t\t\t\t\t\t\t\t<li class=\"elementor-icon-list-item\">\n\t\t\t\t\t\t\t\t\t\t\t<span class=\"elementor-icon-list-icon\">\n\t\t\t\t\t\t\t<i aria-hidden=\"true\" class=\"icon icon-Coffee-cup\"><\/i>\t\t\t\t\t\t<\/span>\n\t\t\t\t\t\t\t\t\t\t<span class=\"elementor-icon-list-text\">Reconocer perfiles de taza y caracter\u00edsticas de caf\u00e9s especiales<\/span>\n\t\t\t\t\t\t\t\t\t<\/li>\n\t\t\t\t\t\t\t\t<li class=\"elementor-icon-list-item\">\n\t\t\t\t\t\t\t\t\t\t\t<span class=\"elementor-icon-list-icon\">\n\t\t\t\t\t\t\t<i aria-hidden=\"true\" class=\"icon icon-Coffee-cup\"><\/i>\t\t\t\t\t\t<\/span>\n\t\t\t\t\t\t\t\t\t\t<span class=\"elementor-icon-list-text\">T\u00e9cnicas b\u00e1sicas de cata utilizadas en la industria del caf\u00e9<\/span>\n\t\t\t\t\t\t\t\t\t<\/li>\n\t\t\t\t\t\t\t\t<li class=\"elementor-icon-list-item\">\n\t\t\t\t\t\t\t\t\t\t\t<span class=\"elementor-icon-list-icon\">\n\t\t\t\t\t\t\t<i aria-hidden=\"true\" class=\"icon icon-Coffee-cup\"><\/i>\t\t\t\t\t\t<\/span>\n\t\t\t\t\t\t\t\t\t\t<span class=\"elementor-icon-list-text\">C\u00f3mo evaluar acidez, cuerpo y dulzor<\/span>\n\t\t\t\t\t\t\t\t\t<\/li>\n\t\t\t\t\t\t\t\t<li class=\"elementor-icon-list-item\">\n\t\t\t\t\t\t\t\t\t\t\t<span class=\"elementor-icon-list-icon\">\n\t\t\t\t\t\t\t<i aria-hidden=\"true\" class=\"icon icon-Coffee-cup\"><\/i>\t\t\t\t\t\t<\/span>\n\t\t\t\t\t\t\t\t\t\t<span class=\"elementor-icon-list-text\">Diferencias entre procesos, or\u00edgenes y tostiones<\/span>\n\t\t\t\t\t\t\t\t\t<\/li>\n\t\t\t\t\t\t<\/ul>\n\t\t\t\t\t\t<\/div>\n\t\t\t\t<div class=\"elementor-element elementor-element-35aa3c14 elementor-mobile-align-center elementor-widget elementor-widget-button\" data-id=\"35aa3c14\" data-element_type=\"widget\" data-e-type=\"widget\" data-settings=\"{&quot;ekit_we_effect_on&quot;:&quot;none&quot;}\" data-widget_type=\"button.default\">\n\t\t\t\t\t\t\t\t\t\t<a class=\"elementor-button elementor-button-link elementor-size-lg\" href=\"http:\/\/wa.me\/573174406621\">\n\t\t\t\t\t\t<span class=\"elementor-button-content-wrapper\">\n\t\t\t\t\t\t\t\t\t<span class=\"elementor-button-text\">Reservar tu  cupo ahora <\/span>\n\t\t\t\t\t<\/span>\n\t\t\t\t\t<\/a>\n\t\t\t\t\t\t\t\t<\/div>\n\t\t\t\t\t<\/div>\n\t\t<\/div>\n\t\t\t\t\t<\/div>\n\t\t<\/section>\n\t\t\t\t<\/div>","protected":false},"excerpt":{"rendered":"<p>Cata de Caf\u00e9 Detalles del Curso Formadora: Claudia Prieto Modalidad: Presencial Certificaci\u00f3n: S\u00ed Incluye: Materiales de cata, caf\u00e9s especiales Caf\u00e9 Rous y gu\u00eda de apoyo La Cata de Caf\u00e9 es una experiencia sensorial dise\u00f1ada para que aprendas a reconocer los atributos que hacen \u00fanico a cada Caf\u00e9. En este curso desarrollar\u00e1s tu paladar, aprender\u00e1s a [&hellip;]<\/p>","protected":false},"author":1,"featured_media":0,"parent":0,"menu_order":0,"comment_status":"closed","ping_status":"closed","template":"elementor_header_footer","meta":{"_joinchat":[],"footnotes":""},"class_list":["post-478","page","type-page","status-publish","hentry"],"yoast_head":"<!-- This site is optimized with the Yoast SEO Premium plugin v26.8 (Yoast SEO v27.4) - https:\/\/yoast.com\/product\/yoast-seo-premium-wordpress\/ -->\n<title>Cata de Caf\u00e9 - Escuela Formadora de Baristas<\/title>\n<meta name=\"robots\" content=\"index, follow, max-snippet:-1, max-image-preview:large, max-video-preview:-1\" \/>\n<link rel=\"canonical\" href=\"https:\/\/escuelaformadoradebaristas.com\/en\/cata-de-cafe\/\" \/>\n<meta property=\"og:locale\" content=\"en_US\" \/>\n<meta property=\"og:type\" content=\"article\" \/>\n<meta property=\"og:title\" content=\"Cata de Caf\u00e9\" \/>\n<meta property=\"og:description\" content=\"Cata de Caf\u00e9 Detalles del Curso Formadora: Claudia Prieto Modalidad: Presencial Certificaci\u00f3n: S\u00ed Incluye: Materiales de cata, caf\u00e9s especiales Caf\u00e9 Rous y gu\u00eda de apoyo La Cata de Caf\u00e9 es una experiencia sensorial dise\u00f1ada para que aprendas a reconocer los atributos que hacen \u00fanico a cada Caf\u00e9. En este curso desarrollar\u00e1s tu paladar, aprender\u00e1s a [&hellip;]\" \/>\n<meta property=\"og:url\" content=\"https:\/\/escuelaformadoradebaristas.com\/en\/cata-de-cafe\/\" \/>\n<meta property=\"og:site_name\" content=\"Escuela Formadora de Baristas\" \/>\n<meta property=\"article:modified_time\" content=\"2025-12-16T21:57:13+00:00\" \/>\n<meta property=\"og:image\" content=\"https:\/\/escuelaformadoradebaristas.com\/wp-content\/uploads\/2025\/12\/Diseno-sin-titulo-18.png\" \/>\n\t<meta property=\"og:image:width\" content=\"1024\" \/>\n\t<meta property=\"og:image:height\" content=\"1024\" \/>\n\t<meta property=\"og:image:type\" content=\"image\/png\" \/>\n<meta name=\"twitter:card\" content=\"summary_large_image\" \/>\n<meta name=\"twitter:label1\" content=\"Est. reading time\" \/>\n\t<meta name=\"twitter:data1\" content=\"1 minute\" \/>\n<script type=\"application\/ld+json\" class=\"yoast-schema-graph\">{\"@context\":\"https:\\\/\\\/schema.org\",\"@graph\":[{\"@type\":\"WebPage\",\"@id\":\"https:\\\/\\\/escuelaformadoradebaristas.com\\\/cata-de-cafe\\\/\",\"url\":\"https:\\\/\\\/escuelaformadoradebaristas.com\\\/cata-de-cafe\\\/\",\"name\":\"Cata de Caf\u00e9 - Escuela Formadora de Baristas\",\"isPartOf\":{\"@id\":\"https:\\\/\\\/escuelaformadoradebaristas.com\\\/#website\"},\"primaryImageOfPage\":{\"@id\":\"https:\\\/\\\/escuelaformadoradebaristas.com\\\/cata-de-cafe\\\/#primaryimage\"},\"image\":{\"@id\":\"https:\\\/\\\/escuelaformadoradebaristas.com\\\/cata-de-cafe\\\/#primaryimage\"},\"thumbnailUrl\":\"https:\\\/\\\/escuelaformadoradebaristas.com\\\/wp-content\\\/uploads\\\/2025\\\/12\\\/Diseno-sin-titulo-18.png\",\"datePublished\":\"2025-12-16T20:00:08+00:00\",\"dateModified\":\"2025-12-16T21:57:13+00:00\",\"breadcrumb\":{\"@id\":\"https:\\\/\\\/escuelaformadoradebaristas.com\\\/cata-de-cafe\\\/#breadcrumb\"},\"inLanguage\":\"en-US\",\"potentialAction\":[{\"@type\":\"ReadAction\",\"target\":[\"https:\\\/\\\/escuelaformadoradebaristas.com\\\/cata-de-cafe\\\/\"]}]},{\"@type\":\"ImageObject\",\"inLanguage\":\"en-US\",\"@id\":\"https:\\\/\\\/escuelaformadoradebaristas.com\\\/cata-de-cafe\\\/#primaryimage\",\"url\":\"https:\\\/\\\/escuelaformadoradebaristas.com\\\/wp-content\\\/uploads\\\/2025\\\/12\\\/Diseno-sin-titulo-18.png\",\"contentUrl\":\"https:\\\/\\\/escuelaformadoradebaristas.com\\\/wp-content\\\/uploads\\\/2025\\\/12\\\/Diseno-sin-titulo-18.png\"},{\"@type\":\"BreadcrumbList\",\"@id\":\"https:\\\/\\\/escuelaformadoradebaristas.com\\\/cata-de-cafe\\\/#breadcrumb\",\"itemListElement\":[{\"@type\":\"ListItem\",\"position\":1,\"name\":\"Home\",\"item\":\"https:\\\/\\\/escuelaformadoradebaristas.com\\\/\"},{\"@type\":\"ListItem\",\"position\":2,\"name\":\"Cata de Caf\u00e9\"}]},{\"@type\":\"WebSite\",\"@id\":\"https:\\\/\\\/escuelaformadoradebaristas.com\\\/#website\",\"url\":\"https:\\\/\\\/escuelaformadoradebaristas.com\\\/\",\"name\":\"Escuela Formadora de Baristas\",\"description\":\"Cursos de barismo presenciales y formaci\u00f3n profesional en caf\u00e9\",\"publisher\":{\"@id\":\"https:\\\/\\\/escuelaformadoradebaristas.com\\\/#organization\"},\"potentialAction\":[{\"@type\":\"SearchAction\",\"target\":{\"@type\":\"EntryPoint\",\"urlTemplate\":\"https:\\\/\\\/escuelaformadoradebaristas.com\\\/?s={search_term_string}\"},\"query-input\":{\"@type\":\"PropertyValueSpecification\",\"valueRequired\":true,\"valueName\":\"search_term_string\"}}],\"inLanguage\":\"en-US\"},{\"@type\":\"Organization\",\"@id\":\"https:\\\/\\\/escuelaformadoradebaristas.com\\\/#organization\",\"name\":\"Escuela Formadora de Baristas\",\"url\":\"https:\\\/\\\/escuelaformadoradebaristas.com\\\/\",\"logo\":{\"@type\":\"ImageObject\",\"inLanguage\":\"en-US\",\"@id\":\"https:\\\/\\\/escuelaformadoradebaristas.com\\\/#\\\/schema\\\/logo\\\/image\\\/\",\"url\":\"https:\\\/\\\/escuelaformadoradebaristas.com\\\/wp-content\\\/uploads\\\/2025\\\/11\\\/cropped-Logo_escuela_Formadora_de_baristas-1.jpeg\",\"contentUrl\":\"https:\\\/\\\/escuelaformadoradebaristas.com\\\/wp-content\\\/uploads\\\/2025\\\/11\\\/cropped-Logo_escuela_Formadora_de_baristas-1.jpeg\",\"width\":838,\"height\":823,\"caption\":\"Escuela Formadora de Baristas\"},\"image\":{\"@id\":\"https:\\\/\\\/escuelaformadoradebaristas.com\\\/#\\\/schema\\\/logo\\\/image\\\/\"}}]}<\/script>\n<!-- \/ Yoast SEO Premium plugin. -->","yoast_head_json":{"title":"Cata de Caf\u00e9 - Escuela Formadora de Baristas","robots":{"index":"index","follow":"follow","max-snippet":"max-snippet:-1","max-image-preview":"max-image-preview:large","max-video-preview":"max-video-preview:-1"},"canonical":"https:\/\/escuelaformadoradebaristas.com\/en\/cata-de-cafe\/","og_locale":"en_US","og_type":"article","og_title":"Cata de Caf\u00e9","og_description":"Cata de Caf\u00e9 Detalles del Curso Formadora: Claudia Prieto Modalidad: Presencial Certificaci\u00f3n: S\u00ed Incluye: Materiales de cata, caf\u00e9s especiales Caf\u00e9 Rous y gu\u00eda de apoyo La Cata de Caf\u00e9 es una experiencia sensorial dise\u00f1ada para que aprendas a reconocer los atributos que hacen \u00fanico a cada Caf\u00e9. En este curso desarrollar\u00e1s tu paladar, aprender\u00e1s a [&hellip;]","og_url":"https:\/\/escuelaformadoradebaristas.com\/en\/cata-de-cafe\/","og_site_name":"Escuela Formadora de Baristas","article_modified_time":"2025-12-16T21:57:13+00:00","og_image":[{"width":1024,"height":1024,"url":"https:\/\/escuelaformadoradebaristas.com\/wp-content\/uploads\/2025\/12\/Diseno-sin-titulo-18.png","type":"image\/png"}],"twitter_card":"summary_large_image","twitter_misc":{"Est. reading time":"1 minute"},"schema":{"@context":"https:\/\/schema.org","@graph":[{"@type":"WebPage","@id":"https:\/\/escuelaformadoradebaristas.com\/cata-de-cafe\/","url":"https:\/\/escuelaformadoradebaristas.com\/cata-de-cafe\/","name":"Cata de Caf\u00e9 - Escuela Formadora de Baristas","isPartOf":{"@id":"https:\/\/escuelaformadoradebaristas.com\/#website"},"primaryImageOfPage":{"@id":"https:\/\/escuelaformadoradebaristas.com\/cata-de-cafe\/#primaryimage"},"image":{"@id":"https:\/\/escuelaformadoradebaristas.com\/cata-de-cafe\/#primaryimage"},"thumbnailUrl":"https:\/\/escuelaformadoradebaristas.com\/wp-content\/uploads\/2025\/12\/Diseno-sin-titulo-18.png","datePublished":"2025-12-16T20:00:08+00:00","dateModified":"2025-12-16T21:57:13+00:00","breadcrumb":{"@id":"https:\/\/escuelaformadoradebaristas.com\/cata-de-cafe\/#breadcrumb"},"inLanguage":"en-US","potentialAction":[{"@type":"ReadAction","target":["https:\/\/escuelaformadoradebaristas.com\/cata-de-cafe\/"]}]},{"@type":"ImageObject","inLanguage":"en-US","@id":"https:\/\/escuelaformadoradebaristas.com\/cata-de-cafe\/#primaryimage","url":"https:\/\/escuelaformadoradebaristas.com\/wp-content\/uploads\/2025\/12\/Diseno-sin-titulo-18.png","contentUrl":"https:\/\/escuelaformadoradebaristas.com\/wp-content\/uploads\/2025\/12\/Diseno-sin-titulo-18.png"},{"@type":"BreadcrumbList","@id":"https:\/\/escuelaformadoradebaristas.com\/cata-de-cafe\/#breadcrumb","itemListElement":[{"@type":"ListItem","position":1,"name":"Home","item":"https:\/\/escuelaformadoradebaristas.com\/"},{"@type":"ListItem","position":2,"name":"Cata de Caf\u00e9"}]},{"@type":"WebSite","@id":"https:\/\/escuelaformadoradebaristas.com\/#website","url":"https:\/\/escuelaformadoradebaristas.com\/","name":"Escuela Formadora de Baristas","description":"Cursos de barismo presenciales y formaci\u00f3n profesional en caf\u00e9","publisher":{"@id":"https:\/\/escuelaformadoradebaristas.com\/#organization"},"potentialAction":[{"@type":"SearchAction","target":{"@type":"EntryPoint","urlTemplate":"https:\/\/escuelaformadoradebaristas.com\/?s={search_term_string}"},"query-input":{"@type":"PropertyValueSpecification","valueRequired":true,"valueName":"search_term_string"}}],"inLanguage":"en-US"},{"@type":"Organization","@id":"https:\/\/escuelaformadoradebaristas.com\/#organization","name":"Escuela Formadora de Baristas","url":"https:\/\/escuelaformadoradebaristas.com\/","logo":{"@type":"ImageObject","inLanguage":"en-US","@id":"https:\/\/escuelaformadoradebaristas.com\/#\/schema\/logo\/image\/","url":"https:\/\/escuelaformadoradebaristas.com\/wp-content\/uploads\/2025\/11\/cropped-Logo_escuela_Formadora_de_baristas-1.jpeg","contentUrl":"https:\/\/escuelaformadoradebaristas.com\/wp-content\/uploads\/2025\/11\/cropped-Logo_escuela_Formadora_de_baristas-1.jpeg","width":838,"height":823,"caption":"Escuela Formadora de Baristas"},"image":{"@id":"https:\/\/escuelaformadoradebaristas.com\/#\/schema\/logo\/image\/"}}]}},"_links":{"self":[{"href":"https:\/\/escuelaformadoradebaristas.com\/en\/wp-json\/wp\/v2\/pages\/478","targetHints":{"allow":["GET"]}}],"collection":[{"href":"https:\/\/escuelaformadoradebaristas.com\/en\/wp-json\/wp\/v2\/pages"}],"about":[{"href":"https:\/\/escuelaformadoradebaristas.com\/en\/wp-json\/wp\/v2\/types\/page"}],"author":[{"embeddable":true,"href":"https:\/\/escuelaformadoradebaristas.com\/en\/wp-json\/wp\/v2\/users\/1"}],"replies":[{"embeddable":true,"href":"https:\/\/escuelaformadoradebaristas.com\/en\/wp-json\/wp\/v2\/comments?post=478"}],"version-history":[{"count":14,"href":"https:\/\/escuelaformadoradebaristas.com\/en\/wp-json\/wp\/v2\/pages\/478\/revisions"}],"predecessor-version":[{"id":539,"href":"https:\/\/escuelaformadoradebaristas.com\/en\/wp-json\/wp\/v2\/pages\/478\/revisions\/539"}],"wp:attachment":[{"href":"https:\/\/escuelaformadoradebaristas.com\/en\/wp-json\/wp\/v2\/media?parent=478"}],"curies":[{"name":"wp","href":"https:\/\/api.w.org\/{rel}","templated":true}]}}