{"id":492,"date":"2025-12-16T20:37:06","date_gmt":"2025-12-16T20:37:06","guid":{"rendered":"https:\/\/escuelaformadoradebaristas.com\/?page_id=492"},"modified":"2025-12-16T21:59:26","modified_gmt":"2025-12-16T21:59:26","slug":"cafe-filtrado","status":"publish","type":"page","link":"https:\/\/escuelaformadoradebaristas.com\/en\/cafe-filtrado\/","title":{"rendered":"Caf\u00e9 Filtrado"},"content":{"rendered":"<div data-elementor-type=\"wp-page\" data-elementor-id=\"492\" class=\"elementor elementor-492\" data-elementor-post-type=\"page\">\n\t\t\t\t\t\t<section class=\"elementor-section elementor-top-section elementor-element elementor-element-15e810cf elementor-section-boxed elementor-section-height-default elementor-section-height-default\" data-id=\"15e810cf\" data-element_type=\"section\" data-e-type=\"section\" data-settings=\"{&quot;background_background&quot;:&quot;classic&quot;,&quot;ekit_has_onepagescroll_dot&quot;:&quot;yes&quot;}\">\n\t\t\t\t\t\t\t<div class=\"elementor-background-overlay\"><\/div>\n\t\t\t\t\t\t\t<div class=\"elementor-container elementor-column-gap-default\">\n\t\t\t\t\t<div class=\"elementor-column elementor-col-100 elementor-top-column elementor-element elementor-element-6e953692\" data-id=\"6e953692\" data-element_type=\"column\" data-e-type=\"column\">\n\t\t\t<div class=\"elementor-widget-wrap elementor-element-populated\">\n\t\t\t\t\t\t<div class=\"elementor-element elementor-element-4f957266 elementor-widget elementor-widget-heading\" data-id=\"4f957266\" data-element_type=\"widget\" data-e-type=\"widget\" data-settings=\"{&quot;ekit_we_effect_on&quot;:&quot;none&quot;}\" data-widget_type=\"heading.default\">\n\t\t\t\t\t<h1 class=\"elementor-heading-title elementor-size-default\">Caf\u00e9 Filtrado <\/h1>\t\t\t\t<\/div>\n\t\t\t\t\t<\/div>\n\t\t<\/div>\n\t\t\t\t\t<\/div>\n\t\t<\/section>\n\t\t\t\t<section class=\"elementor-section elementor-top-section elementor-element elementor-element-196b4bff elementor-section-boxed elementor-section-height-default elementor-section-height-default\" data-id=\"196b4bff\" data-element_type=\"section\" data-e-type=\"section\" data-settings=\"{&quot;background_background&quot;:&quot;classic&quot;,&quot;ekit_has_onepagescroll_dot&quot;:&quot;yes&quot;}\">\n\t\t\t\t\t\t<div class=\"elementor-container elementor-column-gap-default\">\n\t\t\t\t\t<div class=\"elementor-column elementor-col-50 elementor-top-column elementor-element elementor-element-da54fb2\" data-id=\"da54fb2\" data-element_type=\"column\" data-e-type=\"column\">\n\t\t\t<div class=\"elementor-widget-wrap elementor-element-populated\">\n\t\t\t\t\t\t<div class=\"elementor-element elementor-element-3d53c66a elementor-widget elementor-widget-image\" data-id=\"3d53c66a\" data-element_type=\"widget\" data-e-type=\"widget\" data-settings=\"{&quot;ekit_we_effect_on&quot;:&quot;none&quot;}\" data-widget_type=\"image.default\">\n\t\t\t\t\t\t\t\t\t\t\t\t\t\t\t<img fetchpriority=\"high\" decoding=\"async\" width=\"800\" height=\"800\" src=\"https:\/\/escuelaformadoradebaristas.com\/wp-content\/uploads\/2025\/12\/Diseno-sin-titulo-20.png\" class=\"attachment-large size-large wp-image-498\" alt=\"\" srcset=\"https:\/\/escuelaformadoradebaristas.com\/wp-content\/uploads\/2025\/12\/Diseno-sin-titulo-20.png 1024w, https:\/\/escuelaformadoradebaristas.com\/wp-content\/uploads\/2025\/12\/Diseno-sin-titulo-20-300x300.png 300w, https:\/\/escuelaformadoradebaristas.com\/wp-content\/uploads\/2025\/12\/Diseno-sin-titulo-20-150x150.png 150w, https:\/\/escuelaformadoradebaristas.com\/wp-content\/uploads\/2025\/12\/Diseno-sin-titulo-20-768x768.png 768w\" sizes=\"(max-width: 800px) 100vw, 800px\" \/>\t\t\t\t\t\t\t\t\t\t\t\t\t\t\t<\/div>\n\t\t\t\t<div class=\"elementor-element elementor-element-35ac4a8f elementor-widget elementor-widget-heading\" data-id=\"35ac4a8f\" data-element_type=\"widget\" data-e-type=\"widget\" data-settings=\"{&quot;ekit_we_effect_on&quot;:&quot;none&quot;}\" data-widget_type=\"heading.default\">\n\t\t\t\t\t<h3 class=\"elementor-heading-title elementor-size-default\">Detalles del Curso <\/h3>\t\t\t\t<\/div>\n\t\t\t\t<div class=\"elementor-element elementor-element-4f8cb36c elementor-icon-list--layout-traditional elementor-list-item-link-full_width elementor-widget elementor-widget-icon-list\" data-id=\"4f8cb36c\" data-element_type=\"widget\" data-e-type=\"widget\" data-settings=\"{&quot;ekit_we_effect_on&quot;:&quot;none&quot;}\" data-widget_type=\"icon-list.default\">\n\t\t\t\t\t\t\t<ul class=\"elementor-icon-list-items\">\n\t\t\t\t\t\t\t<li class=\"elementor-icon-list-item\">\n\t\t\t\t\t\t\t\t\t\t\t<span class=\"elementor-icon-list-icon\">\n\t\t\t\t\t\t\t<svg aria-hidden=\"true\" class=\"e-font-icon-svg e-far-check-circle\" viewbox=\"0 0 512 512\" xmlns=\"http:\/\/www.w3.org\/2000\/svg\"><path d=\"M256 8C119.033 8 8 119.033 8 256s111.033 248 248 248 248-111.033 248-248S392.967 8 256 8zm0 48c110.532 0 200 89.451 200 200 0 110.532-89.451 200-200 200-110.532 0-200-89.451-200-200 0-110.532 89.451-200 200-200m140.204 130.267l-22.536-22.718c-4.667-4.705-12.265-4.736-16.97-.068L215.346 303.697l-59.792-60.277c-4.667-4.705-12.265-4.736-16.97-.069l-22.719 22.536c-4.705 4.667-4.736 12.265-.068 16.971l90.781 91.516c4.667 4.705 12.265 4.736 16.97.068l172.589-171.204c4.704-4.668 4.734-12.266.067-16.971z\"><\/path><\/svg>\t\t\t\t\t\t<\/span>\n\t\t\t\t\t\t\t\t\t\t<span class=\"elementor-icon-list-text\">Formadora: Claudia Prieto<\/span>\n\t\t\t\t\t\t\t\t\t<\/li>\n\t\t\t\t\t\t\t\t<li class=\"elementor-icon-list-item\">\n\t\t\t\t\t\t\t\t\t\t\t<span class=\"elementor-icon-list-icon\">\n\t\t\t\t\t\t\t<svg aria-hidden=\"true\" class=\"e-font-icon-svg e-far-check-circle\" viewbox=\"0 0 512 512\" xmlns=\"http:\/\/www.w3.org\/2000\/svg\"><path d=\"M256 8C119.033 8 8 119.033 8 256s111.033 248 248 248 248-111.033 248-248S392.967 8 256 8zm0 48c110.532 0 200 89.451 200 200 0 110.532-89.451 200-200 200-110.532 0-200-89.451-200-200 0-110.532 89.451-200 200-200m140.204 130.267l-22.536-22.718c-4.667-4.705-12.265-4.736-16.97-.068L215.346 303.697l-59.792-60.277c-4.667-4.705-12.265-4.736-16.97-.069l-22.719 22.536c-4.705 4.667-4.736 12.265-.068 16.971l90.781 91.516c4.667 4.705 12.265 4.736 16.97.068l172.589-171.204c4.704-4.668 4.734-12.266.067-16.971z\"><\/path><\/svg>\t\t\t\t\t\t<\/span>\n\t\t\t\t\t\t\t\t\t\t<span class=\"elementor-icon-list-text\">Modalidad: Presencial<\/span>\n\t\t\t\t\t\t\t\t\t<\/li>\n\t\t\t\t\t\t\t\t<li class=\"elementor-icon-list-item\">\n\t\t\t\t\t\t\t\t\t\t\t<span class=\"elementor-icon-list-icon\">\n\t\t\t\t\t\t\t<svg aria-hidden=\"true\" class=\"e-font-icon-svg e-far-check-circle\" viewbox=\"0 0 512 512\" xmlns=\"http:\/\/www.w3.org\/2000\/svg\"><path d=\"M256 8C119.033 8 8 119.033 8 256s111.033 248 248 248 248-111.033 248-248S392.967 8 256 8zm0 48c110.532 0 200 89.451 200 200 0 110.532-89.451 200-200 200-110.532 0-200-89.451-200-200 0-110.532 89.451-200 200-200m140.204 130.267l-22.536-22.718c-4.667-4.705-12.265-4.736-16.97-.068L215.346 303.697l-59.792-60.277c-4.667-4.705-12.265-4.736-16.97-.069l-22.719 22.536c-4.705 4.667-4.736 12.265-.068 16.971l90.781 91.516c4.667 4.705 12.265 4.736 16.97.068l172.589-171.204c4.704-4.668 4.734-12.266.067-16.971z\"><\/path><\/svg>\t\t\t\t\t\t<\/span>\n\t\t\t\t\t\t\t\t\t\t<span class=\"elementor-icon-list-text\">Certificaci\u00f3n: S\u00ed<\/span>\n\t\t\t\t\t\t\t\t\t<\/li>\n\t\t\t\t\t\t\t\t<li class=\"elementor-icon-list-item\">\n\t\t\t\t\t\t\t\t\t\t\t<span class=\"elementor-icon-list-icon\">\n\t\t\t\t\t\t\t<svg aria-hidden=\"true\" class=\"e-font-icon-svg e-far-check-circle\" viewbox=\"0 0 512 512\" xmlns=\"http:\/\/www.w3.org\/2000\/svg\"><path d=\"M256 8C119.033 8 8 119.033 8 256s111.033 248 248 248 248-111.033 248-248S392.967 8 256 8zm0 48c110.532 0 200 89.451 200 200 0 110.532-89.451 200-200 200-110.532 0-200-89.451-200-200 0-110.532 89.451-200 200-200m140.204 130.267l-22.536-22.718c-4.667-4.705-12.265-4.736-16.97-.068L215.346 303.697l-59.792-60.277c-4.667-4.705-12.265-4.736-16.97-.069l-22.719 22.536c-4.705 4.667-4.736 12.265-.068 16.971l90.781 91.516c4.667 4.705 12.265 4.736 16.97.068l172.589-171.204c4.704-4.668 4.734-12.266.067-16.971z\"><\/path><\/svg>\t\t\t\t\t\t<\/span>\n\t\t\t\t\t\t\t\t\t\t<span class=\"elementor-icon-list-text\">Incluye: Uso de equipos y m\u00e9todos de extracci\u00f3n<\/span>\n\t\t\t\t\t\t\t\t\t<\/li>\n\t\t\t\t\t\t<\/ul>\n\t\t\t\t\t\t<\/div>\n\t\t\t\t\t<\/div>\n\t\t<\/div>\n\t\t\t\t<div class=\"elementor-column elementor-col-50 elementor-top-column elementor-element elementor-element-6b6a197c\" data-id=\"6b6a197c\" data-element_type=\"column\" data-e-type=\"column\">\n\t\t\t<div class=\"elementor-widget-wrap elementor-element-populated\">\n\t\t\t\t\t\t<div class=\"elementor-element elementor-element-34842920 elementor-widget-divider--view-line elementor-widget elementor-widget-divider\" data-id=\"34842920\" data-element_type=\"widget\" data-e-type=\"widget\" data-settings=\"{&quot;ekit_we_effect_on&quot;:&quot;none&quot;}\" data-widget_type=\"divider.default\">\n\t\t\t\t\t\t\t<div class=\"elementor-divider\">\n\t\t\t<span class=\"elementor-divider-separator\">\n\t\t\t\t\t\t<\/span>\n\t\t<\/div>\n\t\t\t\t\t\t<\/div>\n\t\t\t\t<div class=\"elementor-element elementor-element-47825116 elementor-widget__width-initial elementor-widget elementor-widget-text-editor\" data-id=\"47825116\" data-element_type=\"widget\" data-e-type=\"widget\" data-settings=\"{&quot;ekit_we_effect_on&quot;:&quot;none&quot;}\" data-widget_type=\"text-editor.default\">\n\t\t\t\t\t\t\t\t\t<p>En el curso de Caf\u00e9 Filtrado se aprender\u00e1 a preparar Caf\u00e9 con distintos m\u00e9todos de extracci\u00f3n, comprendiendo c\u00f3mo cada variable influye en el sabor, el aroma y el cuerpo en taza. Se desarrollar\u00e1 una base t\u00e9cnica s\u00f3lida para controlar molienda, proporci\u00f3n, temperatura y tiempo, logrando preparaciones equilibradas y consistentes que resalten las caracter\u00edsticas propias del Caf\u00e9.<\/p>\t\t\t\t\t\t\t\t<\/div>\n\t\t\t\t<div class=\"elementor-element elementor-element-609d9b54 elementor-widget elementor-widget-heading\" data-id=\"609d9b54\" data-element_type=\"widget\" data-e-type=\"widget\" data-settings=\"{&quot;ekit_we_effect_on&quot;:&quot;none&quot;}\" data-widget_type=\"heading.default\">\n\t\t\t\t\t<h2 class=\"elementor-heading-title elementor-size-default\">\u201cPreparar Caf\u00e9 filtrado es equilibrio, t\u00e9cnica y sensibilidad en cada taza.\u201d<\/h2>\t\t\t\t<\/div>\n\t\t\t\t<div class=\"elementor-element elementor-element-61653c3a elementor-widget elementor-widget-heading\" data-id=\"61653c3a\" data-element_type=\"widget\" data-e-type=\"widget\" data-settings=\"{&quot;ekit_we_effect_on&quot;:&quot;none&quot;}\" data-widget_type=\"heading.default\">\n\t\t\t\t\t<h2 class=\"elementor-heading-title elementor-size-default\">Lo que aprenderas <\/h2>\t\t\t\t<\/div>\n\t\t\t\t<div class=\"elementor-element elementor-element-3c58d59d elementor-icon-list--layout-traditional elementor-list-item-link-full_width elementor-widget elementor-widget-icon-list\" data-id=\"3c58d59d\" data-element_type=\"widget\" data-e-type=\"widget\" data-settings=\"{&quot;ekit_we_effect_on&quot;:&quot;none&quot;}\" data-widget_type=\"icon-list.default\">\n\t\t\t\t\t\t\t<ul class=\"elementor-icon-list-items\">\n\t\t\t\t\t\t\t<li class=\"elementor-icon-list-item\">\n\t\t\t\t\t\t\t\t\t\t\t<span class=\"elementor-icon-list-icon\">\n\t\t\t\t\t\t\t<i aria-hidden=\"true\" class=\"icon icon-Coffee-cup\"><\/i>\t\t\t\t\t\t<\/span>\n\t\t\t\t\t\t\t\t\t\t<span class=\"elementor-icon-list-text\">Principios del Caf\u00e9 filtrado y su importancia en el perfil sensorial<\/span>\n\t\t\t\t\t\t\t\t\t<\/li>\n\t\t\t\t\t\t\t\t<li class=\"elementor-icon-list-item\">\n\t\t\t\t\t\t\t\t\t\t\t<span class=\"elementor-icon-list-icon\">\n\t\t\t\t\t\t\t<i aria-hidden=\"true\" class=\"icon icon-Coffee-cup\"><\/i>\t\t\t\t\t\t<\/span>\n\t\t\t\t\t\t\t\t\t\t<span class=\"elementor-icon-list-text\">M\u00e9todos de extracci\u00f3n modernos y tradicionales<\/span>\n\t\t\t\t\t\t\t\t\t<\/li>\n\t\t\t\t\t\t\t\t<li class=\"elementor-icon-list-item\">\n\t\t\t\t\t\t\t\t\t\t\t<span class=\"elementor-icon-list-icon\">\n\t\t\t\t\t\t\t<i aria-hidden=\"true\" class=\"icon icon-Coffee-cup\"><\/i>\t\t\t\t\t\t<\/span>\n\t\t\t\t\t\t\t\t\t\t<span class=\"elementor-icon-list-text\">Uso correcto de V60, Chemex, Prensa Francesa y Aeropress<\/span>\n\t\t\t\t\t\t\t\t\t<\/li>\n\t\t\t\t\t\t\t\t<li class=\"elementor-icon-list-item\">\n\t\t\t\t\t\t\t\t\t\t\t<span class=\"elementor-icon-list-icon\">\n\t\t\t\t\t\t\t<i aria-hidden=\"true\" class=\"icon icon-Coffee-cup\"><\/i>\t\t\t\t\t\t<\/span>\n\t\t\t\t\t\t\t\t\t\t<span class=\"elementor-icon-list-text\">Control de variables clave: molienda, proporci\u00f3n, temperatura y tiempo<\/span>\n\t\t\t\t\t\t\t\t\t<\/li>\n\t\t\t\t\t\t\t\t<li class=\"elementor-icon-list-item\">\n\t\t\t\t\t\t\t\t\t\t\t<span class=\"elementor-icon-list-icon\">\n\t\t\t\t\t\t\t<i aria-hidden=\"true\" class=\"icon icon-Coffee-cup\"><\/i>\t\t\t\t\t\t<\/span>\n\t\t\t\t\t\t\t\t\t\t<span class=\"elementor-icon-list-text\">Diferencias entre m\u00e9todos y cu\u00e1ndo utilizar cada uno<\/span>\n\t\t\t\t\t\t\t\t\t<\/li>\n\t\t\t\t\t\t<\/ul>\n\t\t\t\t\t\t<\/div>\n\t\t\t\t<div class=\"elementor-element elementor-element-7bc42c78 elementor-mobile-align-center elementor-widget elementor-widget-button\" data-id=\"7bc42c78\" data-element_type=\"widget\" data-e-type=\"widget\" data-settings=\"{&quot;ekit_we_effect_on&quot;:&quot;none&quot;}\" data-widget_type=\"button.default\">\n\t\t\t\t\t\t\t\t\t\t<a class=\"elementor-button elementor-button-link elementor-size-lg\" href=\"http:\/\/wa.me\/573174406621\">\n\t\t\t\t\t\t<span class=\"elementor-button-content-wrapper\">\n\t\t\t\t\t\t\t\t\t<span class=\"elementor-button-text\">Reservar tu  cupo ahora <\/span>\n\t\t\t\t\t<\/span>\n\t\t\t\t\t<\/a>\n\t\t\t\t\t\t\t\t<\/div>\n\t\t\t\t\t<\/div>\n\t\t<\/div>\n\t\t\t\t\t<\/div>\n\t\t<\/section>\n\t\t\t\t<\/div>","protected":false},"excerpt":{"rendered":"<p>Caf\u00e9 Filtrado Detalles del Curso Formadora: Claudia Prieto Modalidad: Presencial Certificaci\u00f3n: S\u00ed Incluye: Uso de equipos y m\u00e9todos de extracci\u00f3n En el curso de Caf\u00e9 Filtrado se aprender\u00e1 a preparar Caf\u00e9 con distintos m\u00e9todos de extracci\u00f3n, comprendiendo c\u00f3mo cada variable influye en el sabor, el aroma y el cuerpo en taza. Se desarrollar\u00e1 una base [&hellip;]<\/p>","protected":false},"author":1,"featured_media":0,"parent":0,"menu_order":0,"comment_status":"closed","ping_status":"closed","template":"elementor_header_footer","meta":{"_joinchat":[],"footnotes":""},"class_list":["post-492","page","type-page","status-publish","hentry"],"yoast_head":"<!-- This site is optimized with the Yoast SEO Premium plugin v26.8 (Yoast SEO v27.4) - https:\/\/yoast.com\/product\/yoast-seo-premium-wordpress\/ -->\n<title>Caf\u00e9 Filtrado - Escuela Formadora de Baristas<\/title>\n<meta name=\"robots\" content=\"index, follow, max-snippet:-1, max-image-preview:large, max-video-preview:-1\" \/>\n<link rel=\"canonical\" href=\"https:\/\/escuelaformadoradebaristas.com\/en\/cafe-filtrado\/\" \/>\n<meta property=\"og:locale\" content=\"en_US\" \/>\n<meta property=\"og:type\" content=\"article\" \/>\n<meta property=\"og:title\" content=\"Caf\u00e9 Filtrado\" \/>\n<meta property=\"og:description\" content=\"Caf\u00e9 Filtrado Detalles del Curso Formadora: Claudia Prieto Modalidad: Presencial Certificaci\u00f3n: S\u00ed Incluye: Uso de equipos y m\u00e9todos de extracci\u00f3n En el curso de Caf\u00e9 Filtrado se aprender\u00e1 a preparar Caf\u00e9 con distintos m\u00e9todos de extracci\u00f3n, comprendiendo c\u00f3mo cada variable influye en el sabor, el aroma y el cuerpo en taza. Se desarrollar\u00e1 una base [&hellip;]\" \/>\n<meta property=\"og:url\" content=\"https:\/\/escuelaformadoradebaristas.com\/en\/cafe-filtrado\/\" \/>\n<meta property=\"og:site_name\" content=\"Escuela Formadora de Baristas\" \/>\n<meta property=\"article:modified_time\" content=\"2025-12-16T21:59:26+00:00\" \/>\n<meta property=\"og:image\" content=\"https:\/\/escuelaformadoradebaristas.com\/wp-content\/uploads\/2025\/12\/Diseno-sin-titulo-20.png\" \/>\n\t<meta property=\"og:image:width\" content=\"800\" \/>\n\t<meta property=\"og:image:height\" content=\"800\" \/>\n\t<meta property=\"og:image:type\" content=\"image\/png\" \/>\n<meta name=\"twitter:card\" content=\"summary_large_image\" \/>\n<meta name=\"twitter:label1\" content=\"Est. reading time\" \/>\n\t<meta name=\"twitter:data1\" content=\"1 minute\" \/>\n<script type=\"application\/ld+json\" class=\"yoast-schema-graph\">{\"@context\":\"https:\\\/\\\/schema.org\",\"@graph\":[{\"@type\":\"WebPage\",\"@id\":\"https:\\\/\\\/escuelaformadoradebaristas.com\\\/cafe-filtrado\\\/\",\"url\":\"https:\\\/\\\/escuelaformadoradebaristas.com\\\/cafe-filtrado\\\/\",\"name\":\"Caf\u00e9 Filtrado - Escuela Formadora de Baristas\",\"isPartOf\":{\"@id\":\"https:\\\/\\\/escuelaformadoradebaristas.com\\\/#website\"},\"primaryImageOfPage\":{\"@id\":\"https:\\\/\\\/escuelaformadoradebaristas.com\\\/cafe-filtrado\\\/#primaryimage\"},\"image\":{\"@id\":\"https:\\\/\\\/escuelaformadoradebaristas.com\\\/cafe-filtrado\\\/#primaryimage\"},\"thumbnailUrl\":\"https:\\\/\\\/escuelaformadoradebaristas.com\\\/wp-content\\\/uploads\\\/2025\\\/12\\\/Diseno-sin-titulo-20.png\",\"datePublished\":\"2025-12-16T20:37:06+00:00\",\"dateModified\":\"2025-12-16T21:59:26+00:00\",\"breadcrumb\":{\"@id\":\"https:\\\/\\\/escuelaformadoradebaristas.com\\\/cafe-filtrado\\\/#breadcrumb\"},\"inLanguage\":\"en-US\",\"potentialAction\":[{\"@type\":\"ReadAction\",\"target\":[\"https:\\\/\\\/escuelaformadoradebaristas.com\\\/cafe-filtrado\\\/\"]}]},{\"@type\":\"ImageObject\",\"inLanguage\":\"en-US\",\"@id\":\"https:\\\/\\\/escuelaformadoradebaristas.com\\\/cafe-filtrado\\\/#primaryimage\",\"url\":\"https:\\\/\\\/escuelaformadoradebaristas.com\\\/wp-content\\\/uploads\\\/2025\\\/12\\\/Diseno-sin-titulo-20.png\",\"contentUrl\":\"https:\\\/\\\/escuelaformadoradebaristas.com\\\/wp-content\\\/uploads\\\/2025\\\/12\\\/Diseno-sin-titulo-20.png\"},{\"@type\":\"BreadcrumbList\",\"@id\":\"https:\\\/\\\/escuelaformadoradebaristas.com\\\/cafe-filtrado\\\/#breadcrumb\",\"itemListElement\":[{\"@type\":\"ListItem\",\"position\":1,\"name\":\"Home\",\"item\":\"https:\\\/\\\/escuelaformadoradebaristas.com\\\/\"},{\"@type\":\"ListItem\",\"position\":2,\"name\":\"Caf\u00e9 Filtrado\"}]},{\"@type\":\"WebSite\",\"@id\":\"https:\\\/\\\/escuelaformadoradebaristas.com\\\/#website\",\"url\":\"https:\\\/\\\/escuelaformadoradebaristas.com\\\/\",\"name\":\"Escuela Formadora de Baristas\",\"description\":\"Cursos de barismo presenciales y formaci\u00f3n profesional en caf\u00e9\",\"publisher\":{\"@id\":\"https:\\\/\\\/escuelaformadoradebaristas.com\\\/#organization\"},\"potentialAction\":[{\"@type\":\"SearchAction\",\"target\":{\"@type\":\"EntryPoint\",\"urlTemplate\":\"https:\\\/\\\/escuelaformadoradebaristas.com\\\/?s={search_term_string}\"},\"query-input\":{\"@type\":\"PropertyValueSpecification\",\"valueRequired\":true,\"valueName\":\"search_term_string\"}}],\"inLanguage\":\"en-US\"},{\"@type\":\"Organization\",\"@id\":\"https:\\\/\\\/escuelaformadoradebaristas.com\\\/#organization\",\"name\":\"Escuela Formadora de Baristas\",\"url\":\"https:\\\/\\\/escuelaformadoradebaristas.com\\\/\",\"logo\":{\"@type\":\"ImageObject\",\"inLanguage\":\"en-US\",\"@id\":\"https:\\\/\\\/escuelaformadoradebaristas.com\\\/#\\\/schema\\\/logo\\\/image\\\/\",\"url\":\"https:\\\/\\\/escuelaformadoradebaristas.com\\\/wp-content\\\/uploads\\\/2025\\\/11\\\/cropped-Logo_escuela_Formadora_de_baristas-1.jpeg\",\"contentUrl\":\"https:\\\/\\\/escuelaformadoradebaristas.com\\\/wp-content\\\/uploads\\\/2025\\\/11\\\/cropped-Logo_escuela_Formadora_de_baristas-1.jpeg\",\"width\":838,\"height\":823,\"caption\":\"Escuela Formadora de Baristas\"},\"image\":{\"@id\":\"https:\\\/\\\/escuelaformadoradebaristas.com\\\/#\\\/schema\\\/logo\\\/image\\\/\"}}]}<\/script>\n<!-- \/ Yoast SEO Premium plugin. -->","yoast_head_json":{"title":"Caf\u00e9 Filtrado - Escuela Formadora de Baristas","robots":{"index":"index","follow":"follow","max-snippet":"max-snippet:-1","max-image-preview":"max-image-preview:large","max-video-preview":"max-video-preview:-1"},"canonical":"https:\/\/escuelaformadoradebaristas.com\/en\/cafe-filtrado\/","og_locale":"en_US","og_type":"article","og_title":"Caf\u00e9 Filtrado","og_description":"Caf\u00e9 Filtrado Detalles del Curso Formadora: Claudia Prieto Modalidad: Presencial Certificaci\u00f3n: S\u00ed Incluye: Uso de equipos y m\u00e9todos de extracci\u00f3n En el curso de Caf\u00e9 Filtrado se aprender\u00e1 a preparar Caf\u00e9 con distintos m\u00e9todos de extracci\u00f3n, comprendiendo c\u00f3mo cada variable influye en el sabor, el aroma y el cuerpo en taza. Se desarrollar\u00e1 una base [&hellip;]","og_url":"https:\/\/escuelaformadoradebaristas.com\/en\/cafe-filtrado\/","og_site_name":"Escuela Formadora de Baristas","article_modified_time":"2025-12-16T21:59:26+00:00","og_image":[{"url":"https:\/\/escuelaformadoradebaristas.com\/wp-content\/uploads\/2025\/12\/Diseno-sin-titulo-20.png","width":800,"height":800,"type":"image\/png"}],"twitter_card":"summary_large_image","twitter_misc":{"Est. reading time":"1 minute"},"schema":{"@context":"https:\/\/schema.org","@graph":[{"@type":"WebPage","@id":"https:\/\/escuelaformadoradebaristas.com\/cafe-filtrado\/","url":"https:\/\/escuelaformadoradebaristas.com\/cafe-filtrado\/","name":"Caf\u00e9 Filtrado - Escuela Formadora de Baristas","isPartOf":{"@id":"https:\/\/escuelaformadoradebaristas.com\/#website"},"primaryImageOfPage":{"@id":"https:\/\/escuelaformadoradebaristas.com\/cafe-filtrado\/#primaryimage"},"image":{"@id":"https:\/\/escuelaformadoradebaristas.com\/cafe-filtrado\/#primaryimage"},"thumbnailUrl":"https:\/\/escuelaformadoradebaristas.com\/wp-content\/uploads\/2025\/12\/Diseno-sin-titulo-20.png","datePublished":"2025-12-16T20:37:06+00:00","dateModified":"2025-12-16T21:59:26+00:00","breadcrumb":{"@id":"https:\/\/escuelaformadoradebaristas.com\/cafe-filtrado\/#breadcrumb"},"inLanguage":"en-US","potentialAction":[{"@type":"ReadAction","target":["https:\/\/escuelaformadoradebaristas.com\/cafe-filtrado\/"]}]},{"@type":"ImageObject","inLanguage":"en-US","@id":"https:\/\/escuelaformadoradebaristas.com\/cafe-filtrado\/#primaryimage","url":"https:\/\/escuelaformadoradebaristas.com\/wp-content\/uploads\/2025\/12\/Diseno-sin-titulo-20.png","contentUrl":"https:\/\/escuelaformadoradebaristas.com\/wp-content\/uploads\/2025\/12\/Diseno-sin-titulo-20.png"},{"@type":"BreadcrumbList","@id":"https:\/\/escuelaformadoradebaristas.com\/cafe-filtrado\/#breadcrumb","itemListElement":[{"@type":"ListItem","position":1,"name":"Home","item":"https:\/\/escuelaformadoradebaristas.com\/"},{"@type":"ListItem","position":2,"name":"Caf\u00e9 Filtrado"}]},{"@type":"WebSite","@id":"https:\/\/escuelaformadoradebaristas.com\/#website","url":"https:\/\/escuelaformadoradebaristas.com\/","name":"Escuela Formadora de Baristas","description":"Cursos de barismo presenciales y formaci\u00f3n profesional en caf\u00e9","publisher":{"@id":"https:\/\/escuelaformadoradebaristas.com\/#organization"},"potentialAction":[{"@type":"SearchAction","target":{"@type":"EntryPoint","urlTemplate":"https:\/\/escuelaformadoradebaristas.com\/?s={search_term_string}"},"query-input":{"@type":"PropertyValueSpecification","valueRequired":true,"valueName":"search_term_string"}}],"inLanguage":"en-US"},{"@type":"Organization","@id":"https:\/\/escuelaformadoradebaristas.com\/#organization","name":"Escuela Formadora de Baristas","url":"https:\/\/escuelaformadoradebaristas.com\/","logo":{"@type":"ImageObject","inLanguage":"en-US","@id":"https:\/\/escuelaformadoradebaristas.com\/#\/schema\/logo\/image\/","url":"https:\/\/escuelaformadoradebaristas.com\/wp-content\/uploads\/2025\/11\/cropped-Logo_escuela_Formadora_de_baristas-1.jpeg","contentUrl":"https:\/\/escuelaformadoradebaristas.com\/wp-content\/uploads\/2025\/11\/cropped-Logo_escuela_Formadora_de_baristas-1.jpeg","width":838,"height":823,"caption":"Escuela Formadora de Baristas"},"image":{"@id":"https:\/\/escuelaformadoradebaristas.com\/#\/schema\/logo\/image\/"}}]}},"_links":{"self":[{"href":"https:\/\/escuelaformadoradebaristas.com\/en\/wp-json\/wp\/v2\/pages\/492","targetHints":{"allow":["GET"]}}],"collection":[{"href":"https:\/\/escuelaformadoradebaristas.com\/en\/wp-json\/wp\/v2\/pages"}],"about":[{"href":"https:\/\/escuelaformadoradebaristas.com\/en\/wp-json\/wp\/v2\/types\/page"}],"author":[{"embeddable":true,"href":"https:\/\/escuelaformadoradebaristas.com\/en\/wp-json\/wp\/v2\/users\/1"}],"replies":[{"embeddable":true,"href":"https:\/\/escuelaformadoradebaristas.com\/en\/wp-json\/wp\/v2\/comments?post=492"}],"version-history":[{"count":10,"href":"https:\/\/escuelaformadoradebaristas.com\/en\/wp-json\/wp\/v2\/pages\/492\/revisions"}],"predecessor-version":[{"id":545,"href":"https:\/\/escuelaformadoradebaristas.com\/en\/wp-json\/wp\/v2\/pages\/492\/revisions\/545"}],"wp:attachment":[{"href":"https:\/\/escuelaformadoradebaristas.com\/en\/wp-json\/wp\/v2\/media?parent=492"}],"curies":[{"name":"wp","href":"https:\/\/api.w.org\/{rel}","templated":true}]}}