{"id":502,"date":"2025-12-16T20:42:01","date_gmt":"2025-12-16T20:42:01","guid":{"rendered":"https:\/\/escuelaformadoradebaristas.com\/?page_id=502"},"modified":"2025-12-16T22:02:42","modified_gmt":"2025-12-16T22:02:42","slug":"cocteleria","status":"publish","type":"page","link":"https:\/\/escuelaformadoradebaristas.com\/en\/cocteleria\/","title":{"rendered":"Cocteler\u00eda"},"content":{"rendered":"<div data-elementor-type=\"wp-page\" data-elementor-id=\"502\" class=\"elementor elementor-502\" data-elementor-post-type=\"page\">\n\t\t\t\t\t\t<section class=\"elementor-section elementor-top-section elementor-element elementor-element-54ba9624 elementor-section-boxed elementor-section-height-default elementor-section-height-default\" data-id=\"54ba9624\" data-element_type=\"section\" data-e-type=\"section\" data-settings=\"{&quot;background_background&quot;:&quot;classic&quot;,&quot;ekit_has_onepagescroll_dot&quot;:&quot;yes&quot;}\">\n\t\t\t\t\t\t\t<div class=\"elementor-background-overlay\"><\/div>\n\t\t\t\t\t\t\t<div class=\"elementor-container elementor-column-gap-default\">\n\t\t\t\t\t<div class=\"elementor-column elementor-col-100 elementor-top-column elementor-element elementor-element-2726193a\" data-id=\"2726193a\" data-element_type=\"column\" data-e-type=\"column\">\n\t\t\t<div class=\"elementor-widget-wrap elementor-element-populated\">\n\t\t\t\t\t\t<div class=\"elementor-element elementor-element-5334e4aa elementor-widget elementor-widget-heading\" data-id=\"5334e4aa\" data-element_type=\"widget\" data-e-type=\"widget\" data-settings=\"{&quot;ekit_we_effect_on&quot;:&quot;none&quot;}\" data-widget_type=\"heading.default\">\n\t\t\t\t\t<h1 class=\"elementor-heading-title elementor-size-default\">Cocteler\u00eda <\/h1>\t\t\t\t<\/div>\n\t\t\t\t\t<\/div>\n\t\t<\/div>\n\t\t\t\t\t<\/div>\n\t\t<\/section>\n\t\t\t\t<section class=\"elementor-section elementor-top-section elementor-element elementor-element-63529b3b elementor-section-boxed elementor-section-height-default elementor-section-height-default\" data-id=\"63529b3b\" data-element_type=\"section\" data-e-type=\"section\" data-settings=\"{&quot;background_background&quot;:&quot;classic&quot;,&quot;ekit_has_onepagescroll_dot&quot;:&quot;yes&quot;}\">\n\t\t\t\t\t\t<div class=\"elementor-container elementor-column-gap-default\">\n\t\t\t\t\t<div class=\"elementor-column elementor-col-50 elementor-top-column elementor-element elementor-element-326008a1\" data-id=\"326008a1\" data-element_type=\"column\" data-e-type=\"column\">\n\t\t\t<div class=\"elementor-widget-wrap elementor-element-populated\">\n\t\t\t\t\t\t<div class=\"elementor-element elementor-element-59c202fc elementor-widget elementor-widget-image\" data-id=\"59c202fc\" data-element_type=\"widget\" data-e-type=\"widget\" data-settings=\"{&quot;ekit_we_effect_on&quot;:&quot;none&quot;}\" data-widget_type=\"image.default\">\n\t\t\t\t\t\t\t\t\t\t\t\t\t\t\t<img fetchpriority=\"high\" decoding=\"async\" width=\"800\" height=\"800\" src=\"https:\/\/escuelaformadoradebaristas.com\/wp-content\/uploads\/2025\/12\/Diseno-sin-titulo-21.png\" class=\"attachment-large size-large wp-image-552\" alt=\"\" srcset=\"https:\/\/escuelaformadoradebaristas.com\/wp-content\/uploads\/2025\/12\/Diseno-sin-titulo-21.png 1024w, https:\/\/escuelaformadoradebaristas.com\/wp-content\/uploads\/2025\/12\/Diseno-sin-titulo-21-300x300.png 300w, https:\/\/escuelaformadoradebaristas.com\/wp-content\/uploads\/2025\/12\/Diseno-sin-titulo-21-150x150.png 150w, https:\/\/escuelaformadoradebaristas.com\/wp-content\/uploads\/2025\/12\/Diseno-sin-titulo-21-768x768.png 768w\" sizes=\"(max-width: 800px) 100vw, 800px\" \/>\t\t\t\t\t\t\t\t\t\t\t\t\t\t\t<\/div>\n\t\t\t\t<div class=\"elementor-element elementor-element-618b2c95 elementor-widget elementor-widget-heading\" data-id=\"618b2c95\" data-element_type=\"widget\" data-e-type=\"widget\" data-settings=\"{&quot;ekit_we_effect_on&quot;:&quot;none&quot;}\" data-widget_type=\"heading.default\">\n\t\t\t\t\t<h3 class=\"elementor-heading-title elementor-size-default\">Detalles del Curso <\/h3>\t\t\t\t<\/div>\n\t\t\t\t<div class=\"elementor-element elementor-element-3f515c78 elementor-icon-list--layout-traditional elementor-list-item-link-full_width elementor-widget elementor-widget-icon-list\" data-id=\"3f515c78\" data-element_type=\"widget\" data-e-type=\"widget\" data-settings=\"{&quot;ekit_we_effect_on&quot;:&quot;none&quot;}\" data-widget_type=\"icon-list.default\">\n\t\t\t\t\t\t\t<ul class=\"elementor-icon-list-items\">\n\t\t\t\t\t\t\t<li class=\"elementor-icon-list-item\">\n\t\t\t\t\t\t\t\t\t\t\t<span class=\"elementor-icon-list-icon\">\n\t\t\t\t\t\t\t<svg aria-hidden=\"true\" class=\"e-font-icon-svg e-far-check-circle\" viewbox=\"0 0 512 512\" xmlns=\"http:\/\/www.w3.org\/2000\/svg\"><path d=\"M256 8C119.033 8 8 119.033 8 256s111.033 248 248 248 248-111.033 248-248S392.967 8 256 8zm0 48c110.532 0 200 89.451 200 200 0 110.532-89.451 200-200 200-110.532 0-200-89.451-200-200 0-110.532 89.451-200 200-200m140.204 130.267l-22.536-22.718c-4.667-4.705-12.265-4.736-16.97-.068L215.346 303.697l-59.792-60.277c-4.667-4.705-12.265-4.736-16.97-.069l-22.719 22.536c-4.705 4.667-4.736 12.265-.068 16.971l90.781 91.516c4.667 4.705 12.265 4.736 16.97.068l172.589-171.204c4.704-4.668 4.734-12.266.067-16.971z\"><\/path><\/svg>\t\t\t\t\t\t<\/span>\n\t\t\t\t\t\t\t\t\t\t<span class=\"elementor-icon-list-text\">Formadora: Claudia Prieto<\/span>\n\t\t\t\t\t\t\t\t\t<\/li>\n\t\t\t\t\t\t\t\t<li class=\"elementor-icon-list-item\">\n\t\t\t\t\t\t\t\t\t\t\t<span class=\"elementor-icon-list-icon\">\n\t\t\t\t\t\t\t<svg aria-hidden=\"true\" class=\"e-font-icon-svg e-far-check-circle\" viewbox=\"0 0 512 512\" xmlns=\"http:\/\/www.w3.org\/2000\/svg\"><path d=\"M256 8C119.033 8 8 119.033 8 256s111.033 248 248 248 248-111.033 248-248S392.967 8 256 8zm0 48c110.532 0 200 89.451 200 200 0 110.532-89.451 200-200 200-110.532 0-200-89.451-200-200 0-110.532 89.451-200 200-200m140.204 130.267l-22.536-22.718c-4.667-4.705-12.265-4.736-16.97-.068L215.346 303.697l-59.792-60.277c-4.667-4.705-12.265-4.736-16.97-.069l-22.719 22.536c-4.705 4.667-4.736 12.265-.068 16.971l90.781 91.516c4.667 4.705 12.265 4.736 16.97.068l172.589-171.204c4.704-4.668 4.734-12.266.067-16.971z\"><\/path><\/svg>\t\t\t\t\t\t<\/span>\n\t\t\t\t\t\t\t\t\t\t<span class=\"elementor-icon-list-text\">Modalidad: Presencial<\/span>\n\t\t\t\t\t\t\t\t\t<\/li>\n\t\t\t\t\t\t\t\t<li class=\"elementor-icon-list-item\">\n\t\t\t\t\t\t\t\t\t\t\t<span class=\"elementor-icon-list-icon\">\n\t\t\t\t\t\t\t<svg aria-hidden=\"true\" class=\"e-font-icon-svg e-far-check-circle\" viewbox=\"0 0 512 512\" xmlns=\"http:\/\/www.w3.org\/2000\/svg\"><path d=\"M256 8C119.033 8 8 119.033 8 256s111.033 248 248 248 248-111.033 248-248S392.967 8 256 8zm0 48c110.532 0 200 89.451 200 200 0 110.532-89.451 200-200 200-110.532 0-200-89.451-200-200 0-110.532 89.451-200 200-200m140.204 130.267l-22.536-22.718c-4.667-4.705-12.265-4.736-16.97-.068L215.346 303.697l-59.792-60.277c-4.667-4.705-12.265-4.736-16.97-.069l-22.719 22.536c-4.705 4.667-4.736 12.265-.068 16.971l90.781 91.516c4.667 4.705 12.265 4.736 16.97.068l172.589-171.204c4.704-4.668 4.734-12.266.067-16.971z\"><\/path><\/svg>\t\t\t\t\t\t<\/span>\n\t\t\t\t\t\t\t\t\t\t<span class=\"elementor-icon-list-text\">Certificaci\u00f3n: S\u00ed<\/span>\n\t\t\t\t\t\t\t\t\t<\/li>\n\t\t\t\t\t\t\t\t<li class=\"elementor-icon-list-item\">\n\t\t\t\t\t\t\t\t\t\t\t<span class=\"elementor-icon-list-icon\">\n\t\t\t\t\t\t\t<svg aria-hidden=\"true\" class=\"e-font-icon-svg e-far-check-circle\" viewbox=\"0 0 512 512\" xmlns=\"http:\/\/www.w3.org\/2000\/svg\"><path d=\"M256 8C119.033 8 8 119.033 8 256s111.033 248 248 248 248-111.033 248-248S392.967 8 256 8zm0 48c110.532 0 200 89.451 200 200 0 110.532-89.451 200-200 200-110.532 0-200-89.451-200-200 0-110.532 89.451-200 200-200m140.204 130.267l-22.536-22.718c-4.667-4.705-12.265-4.736-16.97-.068L215.346 303.697l-59.792-60.277c-4.667-4.705-12.265-4.736-16.97-.069l-22.719 22.536c-4.705 4.667-4.736 12.265-.068 16.971l90.781 91.516c4.667 4.705 12.265 4.736 16.97.068l172.589-171.204c4.704-4.668 4.734-12.266.067-16.971z\"><\/path><\/svg>\t\t\t\t\t\t<\/span>\n\t\t\t\t\t\t\t\t\t\t<span class=\"elementor-icon-list-text\">Incluye: Ingredientes y licores para pr\u00e1cticas<\/span>\n\t\t\t\t\t\t\t\t\t<\/li>\n\t\t\t\t\t\t<\/ul>\n\t\t\t\t\t\t<\/div>\n\t\t\t\t\t<\/div>\n\t\t<\/div>\n\t\t\t\t<div class=\"elementor-column elementor-col-50 elementor-top-column elementor-element elementor-element-2579e984\" data-id=\"2579e984\" data-element_type=\"column\" data-e-type=\"column\">\n\t\t\t<div class=\"elementor-widget-wrap elementor-element-populated\">\n\t\t\t\t\t\t<div class=\"elementor-element elementor-element-7381ddf2 elementor-widget-divider--view-line elementor-widget elementor-widget-divider\" data-id=\"7381ddf2\" data-element_type=\"widget\" data-e-type=\"widget\" data-settings=\"{&quot;ekit_we_effect_on&quot;:&quot;none&quot;}\" data-widget_type=\"divider.default\">\n\t\t\t\t\t\t\t<div class=\"elementor-divider\">\n\t\t\t<span class=\"elementor-divider-separator\">\n\t\t\t\t\t\t<\/span>\n\t\t<\/div>\n\t\t\t\t\t\t<\/div>\n\t\t\t\t<div class=\"elementor-element elementor-element-2cd4b5fc elementor-widget__width-initial elementor-widget elementor-widget-text-editor\" data-id=\"2cd4b5fc\" data-element_type=\"widget\" data-e-type=\"widget\" data-settings=\"{&quot;ekit_we_effect_on&quot;:&quot;none&quot;}\" data-widget_type=\"text-editor.default\">\n\t\t\t\t\t\t\t\t\t<p>El curso de Cocteler\u00eda est\u00e1 dise\u00f1ado para aprender las bases t\u00e9cnicas de la preparaci\u00f3n de c\u00f3cteles, comprendiendo f\u00f3rmulas, proporciones y m\u00e9todos de mezcla utilizados en la cocteler\u00eda moderna. Se desarrollar\u00e1n habilidades para combinar ingredientes de forma equilibrada, logrando bebidas bien estructuradas, visualmente atractivas y con sabores definidos.<\/p>\t\t\t\t\t\t\t\t<\/div>\n\t\t\t\t<div class=\"elementor-element elementor-element-7bd247df elementor-widget elementor-widget-heading\" data-id=\"7bd247df\" data-element_type=\"widget\" data-e-type=\"widget\" data-settings=\"{&quot;ekit_we_effect_on&quot;:&quot;none&quot;}\" data-widget_type=\"heading.default\">\n\t\t\t\t\t<h2 class=\"elementor-heading-title elementor-size-default\">\"La cocteler\u00eda es precisi\u00f3n, creatividad y equilibrio en cada preparaci\u00f3n\".<\/h2>\t\t\t\t<\/div>\n\t\t\t\t<div class=\"elementor-element elementor-element-78428c95 elementor-widget elementor-widget-heading\" data-id=\"78428c95\" data-element_type=\"widget\" data-e-type=\"widget\" data-settings=\"{&quot;ekit_we_effect_on&quot;:&quot;none&quot;}\" data-widget_type=\"heading.default\">\n\t\t\t\t\t<h2 class=\"elementor-heading-title elementor-size-default\">Lo que aprenderas <\/h2>\t\t\t\t<\/div>\n\t\t\t\t<div class=\"elementor-element elementor-element-36740ee9 elementor-icon-list--layout-traditional elementor-list-item-link-full_width elementor-widget elementor-widget-icon-list\" data-id=\"36740ee9\" data-element_type=\"widget\" data-e-type=\"widget\" data-settings=\"{&quot;ekit_we_effect_on&quot;:&quot;none&quot;}\" data-widget_type=\"icon-list.default\">\n\t\t\t\t\t\t\t<ul class=\"elementor-icon-list-items\">\n\t\t\t\t\t\t\t<li class=\"elementor-icon-list-item\">\n\t\t\t\t\t\t\t\t\t\t\t<span class=\"elementor-icon-list-icon\">\n\t\t\t\t\t\t\t<i aria-hidden=\"true\" class=\"icon icon-Coffee-cup\"><\/i>\t\t\t\t\t\t<\/span>\n\t\t\t\t\t\t\t\t\t\t<span class=\"elementor-icon-list-text\">Principios b\u00e1sicos de la cocteler\u00eda profesional<\/span>\n\t\t\t\t\t\t\t\t\t<\/li>\n\t\t\t\t\t\t\t\t<li class=\"elementor-icon-list-item\">\n\t\t\t\t\t\t\t\t\t\t\t<span class=\"elementor-icon-list-icon\">\n\t\t\t\t\t\t\t<i aria-hidden=\"true\" class=\"icon icon-Coffee-cup\"><\/i>\t\t\t\t\t\t<\/span>\n\t\t\t\t\t\t\t\t\t\t<span class=\"elementor-icon-list-text\">Uso correcto de herramientas de bar y cristaler\u00eda<\/span>\n\t\t\t\t\t\t\t\t\t<\/li>\n\t\t\t\t\t\t\t\t<li class=\"elementor-icon-list-item\">\n\t\t\t\t\t\t\t\t\t\t\t<span class=\"elementor-icon-list-icon\">\n\t\t\t\t\t\t\t<i aria-hidden=\"true\" class=\"icon icon-Coffee-cup\"><\/i>\t\t\t\t\t\t<\/span>\n\t\t\t\t\t\t\t\t\t\t<span class=\"elementor-icon-list-text\">T\u00e9cnicas de mezcla, agitado y servido<\/span>\n\t\t\t\t\t\t\t\t\t<\/li>\n\t\t\t\t\t\t\t\t<li class=\"elementor-icon-list-item\">\n\t\t\t\t\t\t\t\t\t\t\t<span class=\"elementor-icon-list-icon\">\n\t\t\t\t\t\t\t<i aria-hidden=\"true\" class=\"icon icon-Coffee-cup\"><\/i>\t\t\t\t\t\t<\/span>\n\t\t\t\t\t\t\t\t\t\t<span class=\"elementor-icon-list-text\">F\u00f3rmulas y proporciones para c\u00f3cteles balanceados<\/span>\n\t\t\t\t\t\t\t\t\t<\/li>\n\t\t\t\t\t\t\t\t<li class=\"elementor-icon-list-item\">\n\t\t\t\t\t\t\t\t\t\t\t<span class=\"elementor-icon-list-icon\">\n\t\t\t\t\t\t\t<i aria-hidden=\"true\" class=\"icon icon-Coffee-cup\"><\/i>\t\t\t\t\t\t<\/span>\n\t\t\t\t\t\t\t\t\t\t<span class=\"elementor-icon-list-text\">Presentaci\u00f3n y decoraci\u00f3n de bebidas<\/span>\n\t\t\t\t\t\t\t\t\t<\/li>\n\t\t\t\t\t\t<\/ul>\n\t\t\t\t\t\t<\/div>\n\t\t\t\t<div class=\"elementor-element elementor-element-d659767 elementor-mobile-align-center elementor-widget elementor-widget-button\" data-id=\"d659767\" data-element_type=\"widget\" data-e-type=\"widget\" data-settings=\"{&quot;ekit_we_effect_on&quot;:&quot;none&quot;}\" data-widget_type=\"button.default\">\n\t\t\t\t\t\t\t\t\t\t<a class=\"elementor-button elementor-button-link elementor-size-lg\" href=\"http:\/\/wa.me\/573174406621\">\n\t\t\t\t\t\t<span class=\"elementor-button-content-wrapper\">\n\t\t\t\t\t\t\t\t\t<span class=\"elementor-button-text\">Reservar tu  cupo ahora <\/span>\n\t\t\t\t\t<\/span>\n\t\t\t\t\t<\/a>\n\t\t\t\t\t\t\t\t<\/div>\n\t\t\t\t\t<\/div>\n\t\t<\/div>\n\t\t\t\t\t<\/div>\n\t\t<\/section>\n\t\t\t\t<\/div>","protected":false},"excerpt":{"rendered":"<p>Cocteler\u00eda Detalles del Curso Formadora: Claudia Prieto Modalidad: Presencial Certificaci\u00f3n: S\u00ed Incluye: Ingredientes y licores para pr\u00e1cticas El curso de Cocteler\u00eda est\u00e1 dise\u00f1ado para aprender las bases t\u00e9cnicas de la preparaci\u00f3n de c\u00f3cteles, comprendiendo f\u00f3rmulas, proporciones y m\u00e9todos de mezcla utilizados en la cocteler\u00eda moderna. Se desarrollar\u00e1n habilidades para combinar ingredientes de forma equilibrada, logrando [&hellip;]<\/p>","protected":false},"author":1,"featured_media":0,"parent":0,"menu_order":0,"comment_status":"closed","ping_status":"closed","template":"elementor_header_footer","meta":{"_joinchat":[],"footnotes":""},"class_list":["post-502","page","type-page","status-publish","hentry"],"yoast_head":"<!-- This site is optimized with the Yoast SEO Premium plugin v26.8 (Yoast SEO v27.4) - https:\/\/yoast.com\/product\/yoast-seo-premium-wordpress\/ -->\n<title>Cocteler\u00eda - Escuela Formadora de Baristas<\/title>\n<meta name=\"robots\" content=\"index, follow, max-snippet:-1, max-image-preview:large, max-video-preview:-1\" \/>\n<link rel=\"canonical\" href=\"https:\/\/escuelaformadoradebaristas.com\/en\/cocteleria\/\" \/>\n<meta property=\"og:locale\" content=\"en_US\" \/>\n<meta property=\"og:type\" content=\"article\" \/>\n<meta property=\"og:title\" content=\"Cocteler\u00eda\" \/>\n<meta property=\"og:description\" content=\"Cocteler\u00eda Detalles del Curso Formadora: Claudia Prieto Modalidad: Presencial Certificaci\u00f3n: S\u00ed Incluye: Ingredientes y licores para pr\u00e1cticas El curso de Cocteler\u00eda est\u00e1 dise\u00f1ado para aprender las bases t\u00e9cnicas de la preparaci\u00f3n de c\u00f3cteles, comprendiendo f\u00f3rmulas, proporciones y m\u00e9todos de mezcla utilizados en la cocteler\u00eda moderna. Se desarrollar\u00e1n habilidades para combinar ingredientes de forma equilibrada, logrando [&hellip;]\" \/>\n<meta property=\"og:url\" content=\"https:\/\/escuelaformadoradebaristas.com\/en\/cocteleria\/\" \/>\n<meta property=\"og:site_name\" content=\"Escuela Formadora de Baristas\" \/>\n<meta property=\"article:modified_time\" content=\"2025-12-16T22:02:42+00:00\" \/>\n<meta property=\"og:image\" content=\"https:\/\/escuelaformadoradebaristas.com\/wp-content\/uploads\/2025\/12\/Diseno-sin-titulo-21.png\" \/>\n\t<meta property=\"og:image:width\" content=\"800\" \/>\n\t<meta property=\"og:image:height\" content=\"800\" \/>\n\t<meta property=\"og:image:type\" content=\"image\/png\" \/>\n<meta name=\"twitter:card\" content=\"summary_large_image\" \/>\n<meta name=\"twitter:label1\" content=\"Est. reading time\" \/>\n\t<meta name=\"twitter:data1\" content=\"1 minute\" \/>\n<script type=\"application\/ld+json\" class=\"yoast-schema-graph\">{\"@context\":\"https:\\\/\\\/schema.org\",\"@graph\":[{\"@type\":\"WebPage\",\"@id\":\"https:\\\/\\\/escuelaformadoradebaristas.com\\\/cocteleria\\\/\",\"url\":\"https:\\\/\\\/escuelaformadoradebaristas.com\\\/cocteleria\\\/\",\"name\":\"Cocteler\u00eda - Escuela Formadora de Baristas\",\"isPartOf\":{\"@id\":\"https:\\\/\\\/escuelaformadoradebaristas.com\\\/#website\"},\"primaryImageOfPage\":{\"@id\":\"https:\\\/\\\/escuelaformadoradebaristas.com\\\/cocteleria\\\/#primaryimage\"},\"image\":{\"@id\":\"https:\\\/\\\/escuelaformadoradebaristas.com\\\/cocteleria\\\/#primaryimage\"},\"thumbnailUrl\":\"https:\\\/\\\/escuelaformadoradebaristas.com\\\/wp-content\\\/uploads\\\/2025\\\/12\\\/Diseno-sin-titulo-21.png\",\"datePublished\":\"2025-12-16T20:42:01+00:00\",\"dateModified\":\"2025-12-16T22:02:42+00:00\",\"breadcrumb\":{\"@id\":\"https:\\\/\\\/escuelaformadoradebaristas.com\\\/cocteleria\\\/#breadcrumb\"},\"inLanguage\":\"en-US\",\"potentialAction\":[{\"@type\":\"ReadAction\",\"target\":[\"https:\\\/\\\/escuelaformadoradebaristas.com\\\/cocteleria\\\/\"]}]},{\"@type\":\"ImageObject\",\"inLanguage\":\"en-US\",\"@id\":\"https:\\\/\\\/escuelaformadoradebaristas.com\\\/cocteleria\\\/#primaryimage\",\"url\":\"https:\\\/\\\/escuelaformadoradebaristas.com\\\/wp-content\\\/uploads\\\/2025\\\/12\\\/Diseno-sin-titulo-21.png\",\"contentUrl\":\"https:\\\/\\\/escuelaformadoradebaristas.com\\\/wp-content\\\/uploads\\\/2025\\\/12\\\/Diseno-sin-titulo-21.png\"},{\"@type\":\"BreadcrumbList\",\"@id\":\"https:\\\/\\\/escuelaformadoradebaristas.com\\\/cocteleria\\\/#breadcrumb\",\"itemListElement\":[{\"@type\":\"ListItem\",\"position\":1,\"name\":\"Home\",\"item\":\"https:\\\/\\\/escuelaformadoradebaristas.com\\\/\"},{\"@type\":\"ListItem\",\"position\":2,\"name\":\"Cocteler\u00eda\"}]},{\"@type\":\"WebSite\",\"@id\":\"https:\\\/\\\/escuelaformadoradebaristas.com\\\/#website\",\"url\":\"https:\\\/\\\/escuelaformadoradebaristas.com\\\/\",\"name\":\"Escuela Formadora de Baristas\",\"description\":\"Cursos de barismo presenciales y formaci\u00f3n profesional en caf\u00e9\",\"publisher\":{\"@id\":\"https:\\\/\\\/escuelaformadoradebaristas.com\\\/#organization\"},\"potentialAction\":[{\"@type\":\"SearchAction\",\"target\":{\"@type\":\"EntryPoint\",\"urlTemplate\":\"https:\\\/\\\/escuelaformadoradebaristas.com\\\/?s={search_term_string}\"},\"query-input\":{\"@type\":\"PropertyValueSpecification\",\"valueRequired\":true,\"valueName\":\"search_term_string\"}}],\"inLanguage\":\"en-US\"},{\"@type\":\"Organization\",\"@id\":\"https:\\\/\\\/escuelaformadoradebaristas.com\\\/#organization\",\"name\":\"Escuela Formadora de Baristas\",\"url\":\"https:\\\/\\\/escuelaformadoradebaristas.com\\\/\",\"logo\":{\"@type\":\"ImageObject\",\"inLanguage\":\"en-US\",\"@id\":\"https:\\\/\\\/escuelaformadoradebaristas.com\\\/#\\\/schema\\\/logo\\\/image\\\/\",\"url\":\"https:\\\/\\\/escuelaformadoradebaristas.com\\\/wp-content\\\/uploads\\\/2025\\\/11\\\/cropped-Logo_escuela_Formadora_de_baristas-1.jpeg\",\"contentUrl\":\"https:\\\/\\\/escuelaformadoradebaristas.com\\\/wp-content\\\/uploads\\\/2025\\\/11\\\/cropped-Logo_escuela_Formadora_de_baristas-1.jpeg\",\"width\":838,\"height\":823,\"caption\":\"Escuela Formadora de Baristas\"},\"image\":{\"@id\":\"https:\\\/\\\/escuelaformadoradebaristas.com\\\/#\\\/schema\\\/logo\\\/image\\\/\"}}]}<\/script>\n<!-- \/ Yoast SEO Premium plugin. -->","yoast_head_json":{"title":"Cocteler\u00eda - Escuela Formadora de Baristas","robots":{"index":"index","follow":"follow","max-snippet":"max-snippet:-1","max-image-preview":"max-image-preview:large","max-video-preview":"max-video-preview:-1"},"canonical":"https:\/\/escuelaformadoradebaristas.com\/en\/cocteleria\/","og_locale":"en_US","og_type":"article","og_title":"Cocteler\u00eda","og_description":"Cocteler\u00eda Detalles del Curso Formadora: Claudia Prieto Modalidad: Presencial Certificaci\u00f3n: S\u00ed Incluye: Ingredientes y licores para pr\u00e1cticas El curso de Cocteler\u00eda est\u00e1 dise\u00f1ado para aprender las bases t\u00e9cnicas de la preparaci\u00f3n de c\u00f3cteles, comprendiendo f\u00f3rmulas, proporciones y m\u00e9todos de mezcla utilizados en la cocteler\u00eda moderna. Se desarrollar\u00e1n habilidades para combinar ingredientes de forma equilibrada, logrando [&hellip;]","og_url":"https:\/\/escuelaformadoradebaristas.com\/en\/cocteleria\/","og_site_name":"Escuela Formadora de Baristas","article_modified_time":"2025-12-16T22:02:42+00:00","og_image":[{"url":"https:\/\/escuelaformadoradebaristas.com\/wp-content\/uploads\/2025\/12\/Diseno-sin-titulo-21.png","width":800,"height":800,"type":"image\/png"}],"twitter_card":"summary_large_image","twitter_misc":{"Est. reading time":"1 minute"},"schema":{"@context":"https:\/\/schema.org","@graph":[{"@type":"WebPage","@id":"https:\/\/escuelaformadoradebaristas.com\/cocteleria\/","url":"https:\/\/escuelaformadoradebaristas.com\/cocteleria\/","name":"Cocteler\u00eda - Escuela Formadora de Baristas","isPartOf":{"@id":"https:\/\/escuelaformadoradebaristas.com\/#website"},"primaryImageOfPage":{"@id":"https:\/\/escuelaformadoradebaristas.com\/cocteleria\/#primaryimage"},"image":{"@id":"https:\/\/escuelaformadoradebaristas.com\/cocteleria\/#primaryimage"},"thumbnailUrl":"https:\/\/escuelaformadoradebaristas.com\/wp-content\/uploads\/2025\/12\/Diseno-sin-titulo-21.png","datePublished":"2025-12-16T20:42:01+00:00","dateModified":"2025-12-16T22:02:42+00:00","breadcrumb":{"@id":"https:\/\/escuelaformadoradebaristas.com\/cocteleria\/#breadcrumb"},"inLanguage":"en-US","potentialAction":[{"@type":"ReadAction","target":["https:\/\/escuelaformadoradebaristas.com\/cocteleria\/"]}]},{"@type":"ImageObject","inLanguage":"en-US","@id":"https:\/\/escuelaformadoradebaristas.com\/cocteleria\/#primaryimage","url":"https:\/\/escuelaformadoradebaristas.com\/wp-content\/uploads\/2025\/12\/Diseno-sin-titulo-21.png","contentUrl":"https:\/\/escuelaformadoradebaristas.com\/wp-content\/uploads\/2025\/12\/Diseno-sin-titulo-21.png"},{"@type":"BreadcrumbList","@id":"https:\/\/escuelaformadoradebaristas.com\/cocteleria\/#breadcrumb","itemListElement":[{"@type":"ListItem","position":1,"name":"Home","item":"https:\/\/escuelaformadoradebaristas.com\/"},{"@type":"ListItem","position":2,"name":"Cocteler\u00eda"}]},{"@type":"WebSite","@id":"https:\/\/escuelaformadoradebaristas.com\/#website","url":"https:\/\/escuelaformadoradebaristas.com\/","name":"Escuela Formadora de Baristas","description":"Cursos de barismo presenciales y formaci\u00f3n profesional en caf\u00e9","publisher":{"@id":"https:\/\/escuelaformadoradebaristas.com\/#organization"},"potentialAction":[{"@type":"SearchAction","target":{"@type":"EntryPoint","urlTemplate":"https:\/\/escuelaformadoradebaristas.com\/?s={search_term_string}"},"query-input":{"@type":"PropertyValueSpecification","valueRequired":true,"valueName":"search_term_string"}}],"inLanguage":"en-US"},{"@type":"Organization","@id":"https:\/\/escuelaformadoradebaristas.com\/#organization","name":"Escuela Formadora de Baristas","url":"https:\/\/escuelaformadoradebaristas.com\/","logo":{"@type":"ImageObject","inLanguage":"en-US","@id":"https:\/\/escuelaformadoradebaristas.com\/#\/schema\/logo\/image\/","url":"https:\/\/escuelaformadoradebaristas.com\/wp-content\/uploads\/2025\/11\/cropped-Logo_escuela_Formadora_de_baristas-1.jpeg","contentUrl":"https:\/\/escuelaformadoradebaristas.com\/wp-content\/uploads\/2025\/11\/cropped-Logo_escuela_Formadora_de_baristas-1.jpeg","width":838,"height":823,"caption":"Escuela Formadora de Baristas"},"image":{"@id":"https:\/\/escuelaformadoradebaristas.com\/#\/schema\/logo\/image\/"}}]}},"_links":{"self":[{"href":"https:\/\/escuelaformadoradebaristas.com\/en\/wp-json\/wp\/v2\/pages\/502","targetHints":{"allow":["GET"]}}],"collection":[{"href":"https:\/\/escuelaformadoradebaristas.com\/en\/wp-json\/wp\/v2\/pages"}],"about":[{"href":"https:\/\/escuelaformadoradebaristas.com\/en\/wp-json\/wp\/v2\/types\/page"}],"author":[{"embeddable":true,"href":"https:\/\/escuelaformadoradebaristas.com\/en\/wp-json\/wp\/v2\/users\/1"}],"replies":[{"embeddable":true,"href":"https:\/\/escuelaformadoradebaristas.com\/en\/wp-json\/wp\/v2\/comments?post=502"}],"version-history":[{"count":13,"href":"https:\/\/escuelaformadoradebaristas.com\/en\/wp-json\/wp\/v2\/pages\/502\/revisions"}],"predecessor-version":[{"id":555,"href":"https:\/\/escuelaformadoradebaristas.com\/en\/wp-json\/wp\/v2\/pages\/502\/revisions\/555"}],"wp:attachment":[{"href":"https:\/\/escuelaformadoradebaristas.com\/en\/wp-json\/wp\/v2\/media?parent=502"}],"curies":[{"name":"wp","href":"https:\/\/api.w.org\/{rel}","templated":true}]}}