{"id":93,"date":"2025-11-20T18:38:07","date_gmt":"2025-11-20T18:38:07","guid":{"rendered":"https:\/\/escuelaformadoradebaristas.com\/?page_id=93"},"modified":"2026-01-28T21:14:20","modified_gmt":"2026-01-28T21:14:20","slug":"sobre-nosotros","status":"publish","type":"page","link":"https:\/\/escuelaformadoradebaristas.com\/en\/sobre-nosotros\/","title":{"rendered":"Sobre Nosotros"},"content":{"rendered":"<div data-elementor-type=\"wp-page\" data-elementor-id=\"93\" class=\"elementor elementor-93\" data-elementor-post-type=\"page\">\n\t\t\t\t\t\t<section class=\"elementor-section elementor-top-section elementor-element elementor-element-ba121f3 elementor-section-boxed elementor-section-height-default elementor-section-height-default\" data-id=\"ba121f3\" data-element_type=\"section\" data-e-type=\"section\" data-settings=\"{&quot;background_background&quot;:&quot;classic&quot;,&quot;ekit_has_onepagescroll_dot&quot;:&quot;yes&quot;}\">\n\t\t\t\t\t\t\t<div class=\"elementor-background-overlay\"><\/div>\n\t\t\t\t\t\t\t<div class=\"elementor-container elementor-column-gap-default\">\n\t\t\t\t\t<div class=\"elementor-column elementor-col-100 elementor-top-column elementor-element elementor-element-521ac3a8\" data-id=\"521ac3a8\" data-element_type=\"column\" data-e-type=\"column\">\n\t\t\t<div class=\"elementor-widget-wrap elementor-element-populated\">\n\t\t\t\t\t\t<div class=\"elementor-element elementor-element-734a8117 elementor-widget elementor-widget-heading\" data-id=\"734a8117\" data-element_type=\"widget\" data-e-type=\"widget\" data-settings=\"{&quot;ekit_we_effect_on&quot;:&quot;none&quot;}\" data-widget_type=\"heading.default\">\n\t\t\t\t\t<h1 class=\"elementor-heading-title elementor-size-default\">Sobre Nostros <\/h1>\t\t\t\t<\/div>\n\t\t\t\t\t<\/div>\n\t\t<\/div>\n\t\t\t\t\t<\/div>\n\t\t<\/section>\n\t\t\t\t<section class=\"elementor-section elementor-top-section elementor-element elementor-element-7cfff10d elementor-section-boxed elementor-section-height-default elementor-section-height-default\" data-id=\"7cfff10d\" data-element_type=\"section\" data-e-type=\"section\" data-settings=\"{&quot;background_background&quot;:&quot;classic&quot;,&quot;ekit_has_onepagescroll_dot&quot;:&quot;yes&quot;}\">\n\t\t\t\t\t\t<div class=\"elementor-container elementor-column-gap-default\">\n\t\t\t\t\t<div class=\"elementor-column elementor-col-50 elementor-top-column elementor-element elementor-element-5572ae1c\" data-id=\"5572ae1c\" data-element_type=\"column\" data-e-type=\"column\">\n\t\t\t<div class=\"elementor-widget-wrap elementor-element-populated\">\n\t\t\t\t\t\t<div class=\"elementor-element elementor-element-2def8156 elementor-widget elementor-widget-image\" data-id=\"2def8156\" data-element_type=\"widget\" data-e-type=\"widget\" data-settings=\"{&quot;ekit_we_effect_on&quot;:&quot;none&quot;}\" data-widget_type=\"image.default\">\n\t\t\t\t\t\t\t\t\t\t\t\t\t\t\t<img fetchpriority=\"high\" decoding=\"async\" width=\"960\" height=\"1280\" src=\"https:\/\/escuelaformadoradebaristas.com\/wp-content\/uploads\/2026\/01\/Diseno-sin-titulo-27.png\" class=\"attachment-full size-full wp-image-563\" alt=\"\" srcset=\"https:\/\/escuelaformadoradebaristas.com\/wp-content\/uploads\/2026\/01\/Diseno-sin-titulo-27.png 960w, https:\/\/escuelaformadoradebaristas.com\/wp-content\/uploads\/2026\/01\/Diseno-sin-titulo-27-225x300.png 225w, https:\/\/escuelaformadoradebaristas.com\/wp-content\/uploads\/2026\/01\/Diseno-sin-titulo-27-768x1024.png 768w\" sizes=\"(max-width: 960px) 100vw, 960px\" \/>\t\t\t\t\t\t\t\t\t\t\t\t\t\t\t<\/div>\n\t\t\t\t\t<\/div>\n\t\t<\/div>\n\t\t\t\t<div class=\"elementor-column elementor-col-50 elementor-top-column elementor-element elementor-element-61f549fc\" data-id=\"61f549fc\" data-element_type=\"column\" data-e-type=\"column\">\n\t\t\t<div class=\"elementor-widget-wrap elementor-element-populated\">\n\t\t\t\t\t\t<div class=\"elementor-element elementor-element-6ba280e3 elementor-widget elementor-widget-heading\" data-id=\"6ba280e3\" data-element_type=\"widget\" data-e-type=\"widget\" data-settings=\"{&quot;ekit_we_effect_on&quot;:&quot;none&quot;}\" data-widget_type=\"heading.default\">\n\t\t\t\t\t<h2 class=\"elementor-heading-title elementor-size-default\">Claudia Prieto<\/h2>\t\t\t\t<\/div>\n\t\t\t\t<div class=\"elementor-element elementor-element-9044454 elementor-widget-divider--view-line elementor-widget elementor-widget-divider\" data-id=\"9044454\" data-element_type=\"widget\" data-e-type=\"widget\" data-settings=\"{&quot;ekit_we_effect_on&quot;:&quot;none&quot;}\" data-widget_type=\"divider.default\">\n\t\t\t\t\t\t\t<div class=\"elementor-divider\">\n\t\t\t<span class=\"elementor-divider-separator\">\n\t\t\t\t\t\t<\/span>\n\t\t<\/div>\n\t\t\t\t\t\t<\/div>\n\t\t\t\t<div class=\"elementor-element elementor-element-2226776 elementor-widget__width-initial elementor-widget elementor-widget-text-editor\" data-id=\"2226776\" data-element_type=\"widget\" data-e-type=\"widget\" data-settings=\"{&quot;ekit_we_effect_on&quot;:&quot;none&quot;}\" data-widget_type=\"text-editor.default\">\n\t\t\t\t\t\t\t\t\t<p>En la Escuela Formadora de Baristas nos apasiona ense\u00f1ar el verdadero arte del caf\u00e9. Somos un espacio dedicado a formar Baristas con t\u00e9cnica, sensibilidad sensorial y visi\u00f3n profesional. Bajo la gu\u00eda experta de Claudia Prieto Barista Profesional con m\u00e1s de 20 a\u00f1os de experiencia, nuestros cursos presenciales combinan pr\u00e1ctica, conocimiento y una metodolog\u00eda cercana que te permite aprender de manera clara y efectiva. Aqu\u00ed no solo ense\u00f1amos a preparar Caf\u00e9: formamos personas que quieren crecer, emprender y convertir su amor por el Caf\u00e9 en una oportunidad real. Cada clase, cada taza y cada ense\u00f1anza reflejan nuestro compromiso por compartir el mejor Barismo de Colombia en\u00a0 Bucaramanga.<\/p>\t\t\t\t\t\t\t\t<\/div>\n\t\t\t\t<div class=\"elementor-element elementor-element-4e5dcd29 elementor-widget elementor-widget-heading\" data-id=\"4e5dcd29\" data-element_type=\"widget\" data-e-type=\"widget\" data-settings=\"{&quot;ekit_we_effect_on&quot;:&quot;none&quot;}\" data-widget_type=\"heading.default\">\n\t\t\t\t\t<h2 class=\"elementor-heading-title elementor-size-default\">\u201c\"Formamos baristas, elevamos experiencias\"\n<\/h2>\t\t\t\t<\/div>\n\t\t\t\t<div class=\"elementor-element elementor-element-2a336540 elementor-mobile-align-center elementor-widget elementor-widget-button\" data-id=\"2a336540\" data-element_type=\"widget\" data-e-type=\"widget\" data-settings=\"{&quot;ekit_we_effect_on&quot;:&quot;none&quot;}\" data-widget_type=\"button.default\">\n\t\t\t\t\t\t\t\t\t\t<a class=\"elementor-button elementor-button-link elementor-size-lg\" href=\"https:\/\/escuelaformadoradebaristas.com\/en\/\">\n\t\t\t\t\t\t<span class=\"elementor-button-content-wrapper\">\n\t\t\t\t\t\t\t\t\t<span class=\"elementor-button-text\">Nuestros Cursos <\/span>\n\t\t\t\t\t<\/span>\n\t\t\t\t\t<\/a>\n\t\t\t\t\t\t\t\t<\/div>\n\t\t\t\t\t<\/div>\n\t\t<\/div>\n\t\t\t\t\t<\/div>\n\t\t<\/section>\n\t\t\t\t<\/div>","protected":false},"excerpt":{"rendered":"<p>Sobre Nostros Claudia Prieto En la Escuela Formadora de Baristas nos apasiona ense\u00f1ar el verdadero arte del caf\u00e9. Somos un espacio dedicado a formar Baristas con t\u00e9cnica, sensibilidad sensorial y visi\u00f3n profesional. Bajo la gu\u00eda experta de Claudia Prieto Barista Profesional con m\u00e1s de 20 a\u00f1os de experiencia, nuestros cursos presenciales combinan pr\u00e1ctica, conocimiento y [&hellip;]<\/p>","protected":false},"author":1,"featured_media":0,"parent":0,"menu_order":0,"comment_status":"closed","ping_status":"closed","template":"elementor_header_footer","meta":{"_joinchat":[],"footnotes":""},"class_list":["post-93","page","type-page","status-publish","hentry"],"yoast_head":"<!-- This site is optimized with the Yoast SEO Premium plugin v26.8 (Yoast SEO v27.4) - https:\/\/yoast.com\/product\/yoast-seo-premium-wordpress\/ -->\n<title>Sobre Nosotros - Escuela Formadora de Baristas<\/title>\n<meta name=\"robots\" content=\"index, follow, max-snippet:-1, max-image-preview:large, max-video-preview:-1\" \/>\n<link rel=\"canonical\" href=\"https:\/\/escuelaformadoradebaristas.com\/en\/sobre-nosotros\/\" \/>\n<meta property=\"og:locale\" content=\"en_US\" \/>\n<meta property=\"og:type\" content=\"article\" \/>\n<meta property=\"og:title\" content=\"Sobre Nosotros\" \/>\n<meta property=\"og:description\" content=\"Sobre Nostros Claudia Prieto En la Escuela Formadora de Baristas nos apasiona ense\u00f1ar el verdadero arte del caf\u00e9. Somos un espacio dedicado a formar Baristas con t\u00e9cnica, sensibilidad sensorial y visi\u00f3n profesional. Bajo la gu\u00eda experta de Claudia Prieto Barista Profesional con m\u00e1s de 20 a\u00f1os de experiencia, nuestros cursos presenciales combinan pr\u00e1ctica, conocimiento y [&hellip;]\" \/>\n<meta property=\"og:url\" content=\"https:\/\/escuelaformadoradebaristas.com\/en\/sobre-nosotros\/\" \/>\n<meta property=\"og:site_name\" content=\"Escuela Formadora de Baristas\" \/>\n<meta property=\"article:modified_time\" content=\"2026-01-28T21:14:20+00:00\" \/>\n<meta property=\"og:image\" content=\"https:\/\/escuelaformadoradebaristas.com\/wp-content\/uploads\/2026\/01\/Diseno-sin-titulo-27.png\" \/>\n\t<meta property=\"og:image:width\" content=\"960\" \/>\n\t<meta property=\"og:image:height\" content=\"1280\" \/>\n\t<meta property=\"og:image:type\" content=\"image\/png\" \/>\n<meta name=\"twitter:card\" content=\"summary_large_image\" \/>\n<meta name=\"twitter:label1\" content=\"Est. reading time\" \/>\n\t<meta name=\"twitter:data1\" content=\"1 minute\" \/>\n<script type=\"application\/ld+json\" class=\"yoast-schema-graph\">{\"@context\":\"https:\\\/\\\/schema.org\",\"@graph\":[{\"@type\":\"WebPage\",\"@id\":\"https:\\\/\\\/escuelaformadoradebaristas.com\\\/sobre-nosotros\\\/\",\"url\":\"https:\\\/\\\/escuelaformadoradebaristas.com\\\/sobre-nosotros\\\/\",\"name\":\"Sobre Nosotros - Escuela Formadora de Baristas\",\"isPartOf\":{\"@id\":\"https:\\\/\\\/escuelaformadoradebaristas.com\\\/#website\"},\"primaryImageOfPage\":{\"@id\":\"https:\\\/\\\/escuelaformadoradebaristas.com\\\/sobre-nosotros\\\/#primaryimage\"},\"image\":{\"@id\":\"https:\\\/\\\/escuelaformadoradebaristas.com\\\/sobre-nosotros\\\/#primaryimage\"},\"thumbnailUrl\":\"https:\\\/\\\/escuelaformadoradebaristas.com\\\/wp-content\\\/uploads\\\/2026\\\/01\\\/Diseno-sin-titulo-27.png\",\"datePublished\":\"2025-11-20T18:38:07+00:00\",\"dateModified\":\"2026-01-28T21:14:20+00:00\",\"breadcrumb\":{\"@id\":\"https:\\\/\\\/escuelaformadoradebaristas.com\\\/sobre-nosotros\\\/#breadcrumb\"},\"inLanguage\":\"en-US\",\"potentialAction\":[{\"@type\":\"ReadAction\",\"target\":[\"https:\\\/\\\/escuelaformadoradebaristas.com\\\/sobre-nosotros\\\/\"]}]},{\"@type\":\"ImageObject\",\"inLanguage\":\"en-US\",\"@id\":\"https:\\\/\\\/escuelaformadoradebaristas.com\\\/sobre-nosotros\\\/#primaryimage\",\"url\":\"https:\\\/\\\/escuelaformadoradebaristas.com\\\/wp-content\\\/uploads\\\/2026\\\/01\\\/Diseno-sin-titulo-27.png\",\"contentUrl\":\"https:\\\/\\\/escuelaformadoradebaristas.com\\\/wp-content\\\/uploads\\\/2026\\\/01\\\/Diseno-sin-titulo-27.png\"},{\"@type\":\"BreadcrumbList\",\"@id\":\"https:\\\/\\\/escuelaformadoradebaristas.com\\\/sobre-nosotros\\\/#breadcrumb\",\"itemListElement\":[{\"@type\":\"ListItem\",\"position\":1,\"name\":\"Home\",\"item\":\"https:\\\/\\\/escuelaformadoradebaristas.com\\\/\"},{\"@type\":\"ListItem\",\"position\":2,\"name\":\"Sobre Nosotros\"}]},{\"@type\":\"WebSite\",\"@id\":\"https:\\\/\\\/escuelaformadoradebaristas.com\\\/#website\",\"url\":\"https:\\\/\\\/escuelaformadoradebaristas.com\\\/\",\"name\":\"Escuela Formadora de Baristas\",\"description\":\"Cursos de barismo presenciales y formaci\u00f3n profesional en caf\u00e9\",\"publisher\":{\"@id\":\"https:\\\/\\\/escuelaformadoradebaristas.com\\\/#organization\"},\"potentialAction\":[{\"@type\":\"SearchAction\",\"target\":{\"@type\":\"EntryPoint\",\"urlTemplate\":\"https:\\\/\\\/escuelaformadoradebaristas.com\\\/?s={search_term_string}\"},\"query-input\":{\"@type\":\"PropertyValueSpecification\",\"valueRequired\":true,\"valueName\":\"search_term_string\"}}],\"inLanguage\":\"en-US\"},{\"@type\":\"Organization\",\"@id\":\"https:\\\/\\\/escuelaformadoradebaristas.com\\\/#organization\",\"name\":\"Escuela Formadora de Baristas\",\"url\":\"https:\\\/\\\/escuelaformadoradebaristas.com\\\/\",\"logo\":{\"@type\":\"ImageObject\",\"inLanguage\":\"en-US\",\"@id\":\"https:\\\/\\\/escuelaformadoradebaristas.com\\\/#\\\/schema\\\/logo\\\/image\\\/\",\"url\":\"https:\\\/\\\/escuelaformadoradebaristas.com\\\/wp-content\\\/uploads\\\/2025\\\/11\\\/cropped-Logo_escuela_Formadora_de_baristas-1.jpeg\",\"contentUrl\":\"https:\\\/\\\/escuelaformadoradebaristas.com\\\/wp-content\\\/uploads\\\/2025\\\/11\\\/cropped-Logo_escuela_Formadora_de_baristas-1.jpeg\",\"width\":838,\"height\":823,\"caption\":\"Escuela Formadora de Baristas\"},\"image\":{\"@id\":\"https:\\\/\\\/escuelaformadoradebaristas.com\\\/#\\\/schema\\\/logo\\\/image\\\/\"}}]}<\/script>\n<!-- \/ Yoast SEO Premium plugin. -->","yoast_head_json":{"title":"Sobre Nosotros - Escuela Formadora de Baristas","robots":{"index":"index","follow":"follow","max-snippet":"max-snippet:-1","max-image-preview":"max-image-preview:large","max-video-preview":"max-video-preview:-1"},"canonical":"https:\/\/escuelaformadoradebaristas.com\/en\/sobre-nosotros\/","og_locale":"en_US","og_type":"article","og_title":"Sobre Nosotros","og_description":"Sobre Nostros Claudia Prieto En la Escuela Formadora de Baristas nos apasiona ense\u00f1ar el verdadero arte del caf\u00e9. Somos un espacio dedicado a formar Baristas con t\u00e9cnica, sensibilidad sensorial y visi\u00f3n profesional. Bajo la gu\u00eda experta de Claudia Prieto Barista Profesional con m\u00e1s de 20 a\u00f1os de experiencia, nuestros cursos presenciales combinan pr\u00e1ctica, conocimiento y [&hellip;]","og_url":"https:\/\/escuelaformadoradebaristas.com\/en\/sobre-nosotros\/","og_site_name":"Escuela Formadora de Baristas","article_modified_time":"2026-01-28T21:14:20+00:00","og_image":[{"width":960,"height":1280,"url":"https:\/\/escuelaformadoradebaristas.com\/wp-content\/uploads\/2026\/01\/Diseno-sin-titulo-27.png","type":"image\/png"}],"twitter_card":"summary_large_image","twitter_misc":{"Est. reading time":"1 minute"},"schema":{"@context":"https:\/\/schema.org","@graph":[{"@type":"WebPage","@id":"https:\/\/escuelaformadoradebaristas.com\/sobre-nosotros\/","url":"https:\/\/escuelaformadoradebaristas.com\/sobre-nosotros\/","name":"Sobre Nosotros - Escuela Formadora de Baristas","isPartOf":{"@id":"https:\/\/escuelaformadoradebaristas.com\/#website"},"primaryImageOfPage":{"@id":"https:\/\/escuelaformadoradebaristas.com\/sobre-nosotros\/#primaryimage"},"image":{"@id":"https:\/\/escuelaformadoradebaristas.com\/sobre-nosotros\/#primaryimage"},"thumbnailUrl":"https:\/\/escuelaformadoradebaristas.com\/wp-content\/uploads\/2026\/01\/Diseno-sin-titulo-27.png","datePublished":"2025-11-20T18:38:07+00:00","dateModified":"2026-01-28T21:14:20+00:00","breadcrumb":{"@id":"https:\/\/escuelaformadoradebaristas.com\/sobre-nosotros\/#breadcrumb"},"inLanguage":"en-US","potentialAction":[{"@type":"ReadAction","target":["https:\/\/escuelaformadoradebaristas.com\/sobre-nosotros\/"]}]},{"@type":"ImageObject","inLanguage":"en-US","@id":"https:\/\/escuelaformadoradebaristas.com\/sobre-nosotros\/#primaryimage","url":"https:\/\/escuelaformadoradebaristas.com\/wp-content\/uploads\/2026\/01\/Diseno-sin-titulo-27.png","contentUrl":"https:\/\/escuelaformadoradebaristas.com\/wp-content\/uploads\/2026\/01\/Diseno-sin-titulo-27.png"},{"@type":"BreadcrumbList","@id":"https:\/\/escuelaformadoradebaristas.com\/sobre-nosotros\/#breadcrumb","itemListElement":[{"@type":"ListItem","position":1,"name":"Home","item":"https:\/\/escuelaformadoradebaristas.com\/"},{"@type":"ListItem","position":2,"name":"Sobre Nosotros"}]},{"@type":"WebSite","@id":"https:\/\/escuelaformadoradebaristas.com\/#website","url":"https:\/\/escuelaformadoradebaristas.com\/","name":"Escuela Formadora de Baristas","description":"Cursos de barismo presenciales y formaci\u00f3n profesional en caf\u00e9","publisher":{"@id":"https:\/\/escuelaformadoradebaristas.com\/#organization"},"potentialAction":[{"@type":"SearchAction","target":{"@type":"EntryPoint","urlTemplate":"https:\/\/escuelaformadoradebaristas.com\/?s={search_term_string}"},"query-input":{"@type":"PropertyValueSpecification","valueRequired":true,"valueName":"search_term_string"}}],"inLanguage":"en-US"},{"@type":"Organization","@id":"https:\/\/escuelaformadoradebaristas.com\/#organization","name":"Escuela Formadora de Baristas","url":"https:\/\/escuelaformadoradebaristas.com\/","logo":{"@type":"ImageObject","inLanguage":"en-US","@id":"https:\/\/escuelaformadoradebaristas.com\/#\/schema\/logo\/image\/","url":"https:\/\/escuelaformadoradebaristas.com\/wp-content\/uploads\/2025\/11\/cropped-Logo_escuela_Formadora_de_baristas-1.jpeg","contentUrl":"https:\/\/escuelaformadoradebaristas.com\/wp-content\/uploads\/2025\/11\/cropped-Logo_escuela_Formadora_de_baristas-1.jpeg","width":838,"height":823,"caption":"Escuela Formadora de Baristas"},"image":{"@id":"https:\/\/escuelaformadoradebaristas.com\/#\/schema\/logo\/image\/"}}]}},"_links":{"self":[{"href":"https:\/\/escuelaformadoradebaristas.com\/en\/wp-json\/wp\/v2\/pages\/93","targetHints":{"allow":["GET"]}}],"collection":[{"href":"https:\/\/escuelaformadoradebaristas.com\/en\/wp-json\/wp\/v2\/pages"}],"about":[{"href":"https:\/\/escuelaformadoradebaristas.com\/en\/wp-json\/wp\/v2\/types\/page"}],"author":[{"embeddable":true,"href":"https:\/\/escuelaformadoradebaristas.com\/en\/wp-json\/wp\/v2\/users\/1"}],"replies":[{"embeddable":true,"href":"https:\/\/escuelaformadoradebaristas.com\/en\/wp-json\/wp\/v2\/comments?post=93"}],"version-history":[{"count":25,"href":"https:\/\/escuelaformadoradebaristas.com\/en\/wp-json\/wp\/v2\/pages\/93\/revisions"}],"predecessor-version":[{"id":569,"href":"https:\/\/escuelaformadoradebaristas.com\/en\/wp-json\/wp\/v2\/pages\/93\/revisions\/569"}],"wp:attachment":[{"href":"https:\/\/escuelaformadoradebaristas.com\/en\/wp-json\/wp\/v2\/media?parent=93"}],"curies":[{"name":"wp","href":"https:\/\/api.w.org\/{rel}","templated":true}]}}